{"id":93,"date":"2014-05-24T14:40:22","date_gmt":"2014-05-24T12:40:22","guid":{"rendered":"http:\/\/www.capitalmarketgames.pl\/2017\/?page_id=93"},"modified":"2017-07-27T07:43:17","modified_gmt":"2017-07-27T05:43:17","slug":"igrzyska","status":"publish","type":"page","link":"https:\/\/www.capitalmarketgames.pl\/2017\/igrzyska\/igrzyska\/","title":{"rendered":"O Igrzyskach"},"content":{"rendered":"<p style=\"color: #000000;text-align: center\"><strong>\u00a0<img loading=\"lazy\" decoding=\"async\" class=\"alignnone wp-image-2288 size-full\" src=\"http:\/\/www.capitalmarketgames.pl\/2017\/wp-content\/uploads\/sites\/6\/2014\/05\/CMG2017_Piotr-660x371.jpg\" alt=\"\" width=\"660\" height=\"371\" srcset=\"https:\/\/www.capitalmarketgames.pl\/2017\/wp-content\/uploads\/sites\/6\/2014\/05\/CMG2017_Piotr-660x371.jpg 660w, https:\/\/www.capitalmarketgames.pl\/2017\/wp-content\/uploads\/sites\/6\/2014\/05\/CMG2017_Piotr-660x371-300x169.jpg 300w\" sizes=\"auto, (max-width: 660px) 100vw, 660px\" \/><\/strong><\/p>\n<p><strong>Tegoroczne Igrzyska Rynku Kapita\u0142owego<\/strong> to wydarzenie wyj\u0105tkowe. Po raz pierwszy dwie najwi\u0119ksze sportowe imprezy rynku kapita\u0142owego po\u0142\u0105czy\u0142y swoje si\u0142y dzi\u0119ki czemu <strong>coroczne <a href=\"http:\/\/www.zmid.org.pl\/igrzyska-zmid\" target=\"_blank\" rel=\"noopener\">Igrzyska ZMID<\/a> organizowane przez Zwi\u0105zek Makler\u00f3w i Doradc\u00f3w w Warszawie oraz Capital Market Games realizowane przez Stowarzyszenie Inwestor\u00f3w Indywidualnych w Zakopanem tym razem odb\u0119d\u0105 si\u0119 wsp\u00f3lnie!<\/strong> Ponad 25 lat nowej historii rynku kapita\u0142owego w Polsce przyczyni\u0142o si\u0119 do powstania wielu profesji i \u015brodowisk tworz\u0105cych jedn\u0105, wielk\u0105 rodzin\u0119. Warto dba\u0107 zar\u00f3wno o relacje prywatne jak i biznesowe pomi\u0119dzy uczestnikami rynku. Dlatego te\u017c ju\u017c<strong> 23 wrze\u015bnia 2017 r. na Arenie Furbolu na warszawskim Ursynowie<\/strong> po raz kolejny b\u0119dziemy mieli przyjemno\u015b\u0107 go\u015bci\u0107 wszystkich, kt\u00f3rzy zdecyduj\u0105 si\u0119 stan\u0105\u0107 do sportowej rywalizacji na pi\u0105tych Capital Market Games!<\/p>\n<p>&nbsp;<\/p>\n<h2 style=\"text-align: center\"><strong>Poprzednie edycje Igrzysk ZMID oraz Capital Market Games w liczbach:<\/strong><\/h2>\n<table border=\"0\" width=\"650\" align=\"center\">\n<tbody>\n<tr>\n<td align=\"center\" valign=\"middle\" width=\"33%\"><span style=\"color: #1b3763;font-size: 1.6em\"><b>Ponad<br \/>\n30 dyscyplin<\/b><\/span><\/td>\n<td align=\"center\" valign=\"middle\" width=\"33%\"><span style=\"color: #1b3763;font-size: 1.6em\"><b>Niemal 40 dru\u017cyn firmowych<\/b><\/span><\/td>\n<td align=\"center\" valign=\"middle\" width=\"33%\"><span style=\"color: #1b3763;font-size: 1.6em\"><b>Blisko 500 wr\u0119czonych mediali<\/b><\/span><\/td>\n<\/tr>\n<\/tbody>\n<\/table>\n<p>&nbsp;<\/p>\n<p><strong>Rozgrywki sportowe, ceremonie dekoracji zwyci\u0119zc\u00f3w czy klasyfikacja medalowa<\/strong> to tylko niekt\u00f3re z element\u00f3w sk\u0142adaj\u0105cych si\u0119 na unikaln\u0105 atmosfer\u0119 zawod\u00f3w, tworzonych na wz\u00f3r Letnich Igrzysk Olimpijskich. Capital Market Games to tak\u017ce idealna okazja do sp\u0119dzenia ostatniego letniego weekendu w rodzinnym gronie na \u015bwie\u017cym powietrzu. Na osoby towarzysz\u0105ce poza emocjami kibicowania <strong>czekaj\u0105 specjalnie przygotowane zaj\u0119cia rekreacyjne<\/strong>. Nudzi\u0107 nie b\u0119d\u0105 si\u0119 r\u00f3wnie\u017c najm\u0142odsi kibice, kt\u00f3rzy b\u0119d\u0105 mieli okazj\u0119 sp\u0119dzi\u0107 ten czas w<strong> specjalnie przygotowanej strefie zabaw.<\/strong><\/p>\n<hr \/>\n<p>&nbsp;<\/p>\n<h2 style=\"text-align: center\">Do udzia\u0142u zapraszamy wszystkich uczestnik\u00f3w rynku kapita\u0142owego w Polsce,<br \/>\nw szczeg\u00f3lno\u015bci wszystkich reprezentuj\u0105cych:<\/h2>\n<p>&nbsp;<\/p>\n<table width=\"100%\" align=\"center\">\n<tbody>\n<tr>\n<td align=\"center\" valign=\"middle\" width=\"22%\">\n<p>Sympatyk\u00f3w rynku kapita\u0142owego<br \/>\nInwestor\u00f3w,<br \/>\nEmitent\u00f3w,<\/p>\n<\/td>\n<td align=\"center\" valign=\"middle\" width=\"22%\">\n<p>Domy Maklerskie,<br \/>\nTowarzystwa Funduszy Inwestycyjnych,<br \/>\nFirmy doradcze,<\/p>\n<\/td>\n<td align=\"center\" valign=\"middle\" width=\"31%\">\n<p>Banki,<br \/>\nInstytucje infrastrukturalne,<br \/>\nUrz\u0119dy pa\u0144stwowe zwi\u0105zane z rynkiem kapita\u0142owym,<\/p>\n<\/td>\n<td align=\"center\" valign=\"middle\" width=\"25%\">\n<p>Media Ekonomiczne,<br \/>\nUczelnie ekonomiczne,<br \/>\nAgencje IR\/PR,<\/p>\n<\/td>\n<\/tr>\n<\/tbody>\n<\/table>\n<p>&nbsp;<\/p>\n<hr \/>\n<p>&nbsp;<\/p>\n<h2 style=\"text-align: center\">Zastanawiasz si\u0119 czego mo\u017cna spodziewa\u0107 si\u0119 na Capital Market Games?<br \/>\nZobacz przebieg poprzednich edycji!<\/h2>\n<table border=\"0\" width=\"100%\" align=\"center\">\n<tbody>\n<tr>\n<td style=\"padding: 2%\" align=\"center\" valign=\"middle\" width=\"50%\">\n<p class=\"responsive-media\" style=\"padding-bottom: 56.2%\"><iframe loading=\"lazy\" title=\"III Igrzyska Makler\u00f3w i Doradc\u00f3w \u2013 8 pa\u017adziernika 2016\" width=\"500\" height=\"281\" src=\"https:\/\/www.youtube.com\/embed\/C8zabhjDiFA?feature=oembed\" frameborder=\"0\" allow=\"accelerometer; autoplay; clipboard-write; encrypted-media; gyroscope; picture-in-picture; web-share\" referrerpolicy=\"strict-origin-when-cross-origin\" allowfullscreen><\/iframe><\/p>\n<\/td>\n<td style=\"padding: 2%\" align=\"center\" valign=\"middle\" width=\"50%\">\n<p class=\"responsive-media\" style=\"padding-bottom: 56.2%\"><iframe loading=\"lazy\" title=\"Capital Market Games, Zakopane, 4 - 6. wrze\u015bnia 2015\" width=\"500\" height=\"281\" src=\"https:\/\/www.youtube.com\/embed\/g1rRcBQhyTg?feature=oembed\" frameborder=\"0\" allow=\"accelerometer; autoplay; clipboard-write; encrypted-media; gyroscope; picture-in-picture; web-share\" referrerpolicy=\"strict-origin-when-cross-origin\" allowfullscreen><\/iframe><\/p>\n<\/td>\n<\/tr>\n<\/tbody>\n<\/table>\n<p>&nbsp;<\/p>\n<hr \/>\n<h2 style=\"text-align: center\">Jak wzi\u0105\u0107 udzia\u0142 w pi\u0105tej edycji Capital Market Games<br \/>\ni stworzy\u0107 razem z nami najbardziej energetyczn\u0105 imprez\u0119 sportow\u0105 w kraju?<\/h2>\n<p><a href=\"http:\/\/www.capitalmarketgames.pl\/2017\/zapisy\/\"><img loading=\"lazy\" decoding=\"async\" class=\"aligncenter size-full wp-image-2300\" src=\"http:\/\/www.capitalmarketgames.pl\/2017\/wp-content\/uploads\/sites\/6\/2014\/05\/button.png\" alt=\"\" width=\"400\" height=\"82\" srcset=\"https:\/\/www.capitalmarketgames.pl\/2017\/wp-content\/uploads\/sites\/6\/2014\/05\/button.png 400w, https:\/\/www.capitalmarketgames.pl\/2017\/wp-content\/uploads\/sites\/6\/2014\/05\/button-300x62.png 300w\" sizes=\"auto, (max-width: 400px) 100vw, 400px\" \/><\/a><\/p>\n","protected":false},"excerpt":{"rendered":"<p>\u00a0 Tegoroczne Igrzyska Rynku Kapita\u0142owego to wydarzenie wyj\u0105tkowe. Po raz pierwszy dwie najwi\u0119ksze sportowe imprezy rynku kapita\u0142owego po\u0142\u0105czy\u0142y swoje si\u0142y dzi\u0119ki czemu coroczne Igrzyska ZMID organizowane przez Zwi\u0105zek Makler\u00f3w i Doradc\u00f3w w Warszawie oraz Capital Market Games realizowane przez Stowarzyszenie Inwestor\u00f3w Indywidualnych w Zakopanem tym razem odb\u0119d\u0105 si\u0119 wsp\u00f3lnie! Ponad 25 lat nowej historii rynku [&hellip;]<\/p>\n","protected":false},"author":4,"featured_media":0,"parent":64,"menu_order":0,"comment_status":"closed","ping_status":"closed","template":"","meta":{"footnotes":""},"class_list":["post-93","page","type-page","status-publish","hentry"],"_links":{"self":[{"href":"https:\/\/www.capitalmarketgames.pl\/2017\/wp-json\/wp\/v2\/pages\/93","targetHints":{"allow":["GET"]}}],"collection":[{"href":"https:\/\/www.capitalmarketgames.pl\/2017\/wp-json\/wp\/v2\/pages"}],"about":[{"href":"https:\/\/www.capitalmarketgames.pl\/2017\/wp-json\/wp\/v2\/types\/page"}],"author":[{"embeddable":true,"href":"https:\/\/www.capitalmarketgames.pl\/2017\/wp-json\/wp\/v2\/users\/4"}],"replies":[{"embeddable":true,"href":"https:\/\/www.capitalmarketgames.pl\/2017\/wp-json\/wp\/v2\/comments?post=93"}],"version-history":[{"count":58,"href":"https:\/\/www.capitalmarketgames.pl\/2017\/wp-json\/wp\/v2\/pages\/93\/revisions"}],"predecessor-version":[{"id":2481,"href":"https:\/\/www.capitalmarketgames.pl\/2017\/wp-json\/wp\/v2\/pages\/93\/revisions\/2481"}],"up":[{"embeddable":true,"href":"https:\/\/www.capitalmarketgames.pl\/2017\/wp-json\/wp\/v2\/pages\/64"}],"wp:attachment":[{"href":"https:\/\/www.capitalmarketgames.pl\/2017\/wp-json\/wp\/v2\/media?parent=93"}],"curies":[{"name":"wp","href":"https:\/\/api.w.org\/{rel}","templated":true}]}}