{"id":87,"date":"2014-05-24T14:27:41","date_gmt":"2014-05-24T12:27:41","guid":{"rendered":"http:\/\/www.capitalmarketgames.pl\/2017\/?page_id=87"},"modified":"2017-09-08T16:45:08","modified_gmt":"2017-09-08T14:45:08","slug":"pilka-nozna","status":"publish","type":"page","link":"https:\/\/www.capitalmarketgames.pl\/2017\/dyscypliny\/pilka-nozna\/","title":{"rendered":"Pi\u0142ka no\u017cna"},"content":{"rendered":"<p><strong>Miejsce:<\/strong> Arena Futbolu \u2013 sztuczna trawa<\/p>\n<p><strong>Boiska:<\/strong> trzy boiska o wymiarach ok. 55\u00d735 m, bez spalonych<\/p>\n<p><strong>Liczba\u00a0zawodnik\u00f3w zg\u0142oszonych do turnieju:<\/strong> min. 6, max. 12<\/p>\n<p><strong>Liczba\u00a0zawodnik\u00f3w na boisku:<\/strong> 5 w polu + bramkarz<\/p>\n<p><strong>Str\u00f3j sportowy: <\/strong>jednolity str\u00f3j z numerami na plecach<\/p>\n<p style=\"color: #040404;\"><img loading=\"lazy\" decoding=\"async\" class=\"aligncenter size-full wp-image-728\" src=\"http:\/\/www.capitalmarketgames.pl\/wp-content\/uploads\/sites\/6\/2014\/05\/pi\u0142ka-no\u017cna_CMG_1.jpg\" alt=\"pi\u0142ka no\u017cna_CMG_1\" width=\"960\" height=\"340\" srcset=\"https:\/\/www.capitalmarketgames.pl\/2017\/wp-content\/uploads\/sites\/6\/2014\/05\/pi\u0142ka-no\u017cna_CMG_1.jpg 960w, https:\/\/www.capitalmarketgames.pl\/2017\/wp-content\/uploads\/sites\/6\/2014\/05\/pi\u0142ka-no\u017cna_CMG_1-300x106.jpg 300w, https:\/\/www.capitalmarketgames.pl\/2017\/wp-content\/uploads\/sites\/6\/2014\/05\/pi\u0142ka-no\u017cna_CMG_1-768x272.jpg 768w\" sizes=\"auto, (max-width: 960px) 100vw, 960px\" \/><\/p>\n<p><strong>ROZGRYWANIE MECZ\u00d3W\u00a0<\/strong><\/p>\n<ul>\n<li>Po\u0142owy trwaj\u0105 10 minut.<\/li>\n<li>Przerwa mi\u0119dzy po\u0142owami trwa 2 minuty.<\/li>\n<li>Zmiany hokejowe.<\/li>\n<li>\u017b\u00f3\u0142ta kartka = 2 minuty.<\/li>\n<li>Czerwona kartka = 5min. + absencja do ko\u0144ca meczu, 2 \u017c\u00f3\u0142te w meczu=czerwona.<\/li>\n<li>Dru\u017cyny graj\u0105 w grupach ka\u017cdy z ka\u017cdym. Kolejno\u015b\u0107 w grupach wynika kolejno z: 1. punkt\u00f3w (zwyci\u0119stwo 3, remis 1, przegrana 0), 2. meczu bezpo\u015bredniego lub ma\u0142ej tabeli, 3. r\u00f3\u017cnicy bramek, 4. wi\u0119kszej ilo\u015bci strzelonych bramek.<\/li>\n<li>Dogrywki po wyj\u015bciu z grup. Dogrywka 2&#215;5 min. do z\u0142otej bramki, ew. rzuty karne \u2013 5 a nast\u0119pnie po 1.<\/li>\n<\/ul>\n<p><strong>REGULACJE<\/strong><\/p>\n<ul>\n<li>Liczba dru\u017cyn w turnieju pi\u0142karskim jest ograniczona do 16.<\/li>\n<li>Minimalna liczba dru\u017cyn w turnieju \u2013 8. Maksymalna liczba dru\u017cyn \u2013 12.<\/li>\n<li>W przypadku przekroczenia progu zapisu, o uczestnictwie w turnieju decyduje kolejno\u015b\u0107 zg\u0142osze\u0144<\/li>\n<\/ul>\n<p>&nbsp;<\/p>\n<p style=\"text-align: center;\"><strong>Partnerem dyscypliny jest:<\/strong><\/p>\n<p>&nbsp;<\/p>\n<p style=\"text-align: center;\"><a href=\"http:\/\/www.polnord.pl\/\" target=\"_blank\" rel=\"noopener\"><img loading=\"lazy\" decoding=\"async\" class=\"size-full wp-image-2556 aligncenter\" src=\"http:\/\/www.capitalmarketgames.pl\/2017\/wp-content\/uploads\/sites\/6\/2014\/05\/polnord_400x92.png\" alt=\"\" width=\"400\" height=\"92\" srcset=\"https:\/\/www.capitalmarketgames.pl\/2017\/wp-content\/uploads\/sites\/6\/2014\/05\/polnord_400x92.png 400w, https:\/\/www.capitalmarketgames.pl\/2017\/wp-content\/uploads\/sites\/6\/2014\/05\/polnord_400x92-300x69.png 300w\" sizes=\"auto, (max-width: 400px) 100vw, 400px\" \/><\/a><\/p>\n<p>&nbsp;<\/p>\n","protected":false},"excerpt":{"rendered":"<p>Miejsce: Arena Futbolu \u2013 sztuczna trawa Boiska: trzy boiska o wymiarach ok. 55\u00d735 m, bez spalonych Liczba\u00a0zawodnik\u00f3w zg\u0142oszonych do turnieju: min. 6, max. 12 Liczba\u00a0zawodnik\u00f3w na boisku: 5 w polu + bramkarz Str\u00f3j sportowy: jednolity str\u00f3j z numerami na plecach ROZGRYWANIE MECZ\u00d3W\u00a0 Po\u0142owy trwaj\u0105 10 minut. Przerwa mi\u0119dzy po\u0142owami trwa 2 minuty. Zmiany hokejowe. \u017b\u00f3\u0142ta [&hellip;]<\/p>\n","protected":false},"author":4,"featured_media":157,"parent":45,"menu_order":0,"comment_status":"closed","ping_status":"closed","template":"","meta":{"footnotes":""},"class_list":["post-87","page","type-page","status-publish","has-post-thumbnail","hentry"],"_links":{"self":[{"href":"https:\/\/www.capitalmarketgames.pl\/2017\/wp-json\/wp\/v2\/pages\/87","targetHints":{"allow":["GET"]}}],"collection":[{"href":"https:\/\/www.capitalmarketgames.pl\/2017\/wp-json\/wp\/v2\/pages"}],"about":[{"href":"https:\/\/www.capitalmarketgames.pl\/2017\/wp-json\/wp\/v2\/types\/page"}],"author":[{"embeddable":true,"href":"https:\/\/www.capitalmarketgames.pl\/2017\/wp-json\/wp\/v2\/users\/4"}],"replies":[{"embeddable":true,"href":"https:\/\/www.capitalmarketgames.pl\/2017\/wp-json\/wp\/v2\/comments?post=87"}],"version-history":[{"count":38,"href":"https:\/\/www.capitalmarketgames.pl\/2017\/wp-json\/wp\/v2\/pages\/87\/revisions"}],"predecessor-version":[{"id":2579,"href":"https:\/\/www.capitalmarketgames.pl\/2017\/wp-json\/wp\/v2\/pages\/87\/revisions\/2579"}],"up":[{"embeddable":true,"href":"https:\/\/www.capitalmarketgames.pl\/2017\/wp-json\/wp\/v2\/pages\/45"}],"wp:featuredmedia":[{"embeddable":true,"href":"https:\/\/www.capitalmarketgames.pl\/2017\/wp-json\/wp\/v2\/media\/157"}],"wp:attachment":[{"href":"https:\/\/www.capitalmarketgames.pl\/2017\/wp-json\/wp\/v2\/media?parent=87"}],"curies":[{"name":"wp","href":"https:\/\/api.w.org\/{rel}","templated":true}]}}