{"id":55,"date":"2014-05-24T02:26:21","date_gmt":"2014-05-24T00:26:21","guid":{"rendered":"http:\/\/www.capitalmarketgames.pl\/2017\/?page_id=55"},"modified":"2017-07-26T08:44:42","modified_gmt":"2017-07-26T06:44:42","slug":"kontakt","status":"publish","type":"page","link":"https:\/\/www.capitalmarketgames.pl\/2017\/kontakt\/","title":{"rendered":"Kontakt"},"content":{"rendered":"<p style=\"color: #000000\"><strong>Masz problem z rejestracj\u0105 na imprez\u0119? Chcesz o co\u015b zapyta\u0107? Napisz do nas lub zadzwo\u0144!<\/strong><\/p>\n<p style=\"color: #000000\"><strong>Biuro Zawod\u00f3w CMG<\/strong><\/p>\n<p style=\"color: #000000\">kom. <a href=\"tel:601357865\" target=\"_blank\" rel=\"noopener\">601 357 865<\/a><\/p>\n<p style=\"color: #000000\">email: <a href=\"mailto:cmg2017@zmid.org.pl\" target=\"_blank\" rel=\"noopener\"><strong>cmg2017@zmid.org.pl<\/strong><\/a><\/p>\n","protected":false},"excerpt":{"rendered":"<p>Masz problem z rejestracj\u0105 na imprez\u0119? Chcesz o co\u015b zapyta\u0107? Napisz do nas lub zadzwo\u0144! Biuro Zawod\u00f3w CMG kom. 601 357 865 email: cmg2017@zmid.org.pl<\/p>\n","protected":false},"author":4,"featured_media":0,"parent":0,"menu_order":0,"comment_status":"closed","ping_status":"closed","template":"","meta":{"footnotes":""},"class_list":["post-55","page","type-page","status-publish","hentry"],"_links":{"self":[{"href":"https:\/\/www.capitalmarketgames.pl\/2017\/wp-json\/wp\/v2\/pages\/55","targetHints":{"allow":["GET"]}}],"collection":[{"href":"https:\/\/www.capitalmarketgames.pl\/2017\/wp-json\/wp\/v2\/pages"}],"about":[{"href":"https:\/\/www.capitalmarketgames.pl\/2017\/wp-json\/wp\/v2\/types\/page"}],"author":[{"embeddable":true,"href":"https:\/\/www.capitalmarketgames.pl\/2017\/wp-json\/wp\/v2\/users\/4"}],"replies":[{"embeddable":true,"href":"https:\/\/www.capitalmarketgames.pl\/2017\/wp-json\/wp\/v2\/comments?post=55"}],"version-history":[{"count":13,"href":"https:\/\/www.capitalmarketgames.pl\/2017\/wp-json\/wp\/v2\/pages\/55\/revisions"}],"predecessor-version":[{"id":2441,"href":"https:\/\/www.capitalmarketgames.pl\/2017\/wp-json\/wp\/v2\/pages\/55\/revisions\/2441"}],"wp:attachment":[{"href":"https:\/\/www.capitalmarketgames.pl\/2017\/wp-json\/wp\/v2\/media?parent=55"}],"curies":[{"name":"wp","href":"https:\/\/api.w.org\/{rel}","templated":true}]}}