{"id":47,"date":"2014-05-24T02:25:36","date_gmt":"2014-05-24T00:25:36","guid":{"rendered":"http:\/\/www.capitalmarketgames.pl\/2017\/?page_id=47"},"modified":"2017-09-15T11:30:38","modified_gmt":"2017-09-15T09:30:38","slug":"zapisy","status":"publish","type":"page","link":"https:\/\/www.capitalmarketgames.pl\/2017\/zapisy\/","title":{"rendered":"Zapisy"},"content":{"rendered":"<h2 style=\"text-align: center;\">Jak wzi\u0105\u0107 udzia\u0142 w pi\u0105tej edycji Capital Market Games<br \/>\ni stworzy\u0107 razem z nami najbardziej energetyczn\u0105 imprez\u0119 sportow\u0105 w kraju?<\/h2>\n<p align=\"center\"><b>Je\u015bli chcesz zg\u0142osi\u0107 firm\u0119 lub ca\u0142\u0105 dru\u017cyn\u0119 (pi\u0142ka no\u017cna, siatk\u00f3wka halowa, koszyk\u00f3wka)<br \/>\ndo sport\u00f3w zespo\u0142owych skontaktuj si\u0119 z nami bezpo\u015brednio<\/b><\/p>\n<p>&nbsp;<\/p>\n<p style=\"text-align: center;\">Je\u015bli chcesz wzi\u0105\u0107 udzia\u0142 w <strong>dyscyplinach indywidualnych<\/strong> skorzystaj z poni\u017cszego formularza zapis\u00f3w.<\/p>\n<p style=\"text-align: center;\">Je\u015bli nie widzisz poni\u017cej formularza \u2013 <a href=\"https:\/\/capitalmarketgames.evenea.pl\/\" target=\"_blank\" rel=\"noopener\"><strong>kliknij TUTAJ<\/strong><\/a> lub r\u00f3wnie\u017c skontaktuj si\u0119 z nami bezpo\u015brednio:<\/p>\n<p>&nbsp;<\/p>\n<p style=\"text-align: center;\"><strong>Biuro Zawod\u00f3w CMG<\/strong><\/p>\n<p style=\"text-align: center;\"><strong>kom. <a href=\"tel:601357865\" target=\"_blank\" rel=\"noopener\">601 357 865<\/a><\/strong><\/p>\n<p style=\"text-align: center;\"><strong>email: <a href=\"mailto:cmg2017@zmid.org.pl\" target=\"_blank\" rel=\"noopener\">cmg2017@zmid.org.pl<\/a><\/strong><\/p>\n<p>&nbsp;<\/p>\n<p style=\"text-align: center;\">Pami\u0119taj, \u017ce mo\u017cesz wzi\u0105\u0107 udzia\u0142 w dowolnie wybranej przez siebie liczbie dyscyplin indywidualnych. Jednak w przypadku dyscyplin rozgrywanych w tym samym czasie, wyb\u00f3r pozostaje po Twojej stronie.<\/p>\n<p>Cena biletu sportowego obejmuje: uczestnictwo w zawodach (dyscypliny indywidualne), wst\u0119p dla osoby towarzysz\u0105cej oraz dzieci wraz z ich uczestnictwem w zaj\u0119ciach rekreacyjnych oraz pakiet startowy (koszulka sportowa, posi\u0142ek regeneracyjny dla zawodnika oraz prezenty).<br \/>\nCz\u0142onkowie SII, ZMiD, IDM i SEG oraz partnerzy wydarzenia maj\u0105 zagwarantowan\u0105 50% zni\u017ck\u0119 na udzia\u0142 w Capital Market Games.<br \/>\nCeny podane w formularzu zawieraj\u0105 wy\u017cej opisan\u0105 zni\u017ck\u0119.<br \/>\nCena regularna dla pozosta\u0142ych uczestnik\u00f3w wydarzenia stanowi dwukrotno\u015b\u0107 ceny widocznej w formularzu.<br \/>\n\n<!-- iframe plugin v.6.0 wordpress.org\/plugins\/iframe\/ -->\n<iframe loading=\"lazy\" src=\"https:\/\/capitalmarketgames.evenea.pl?out=1&#038;source=event_iframe\" width=\"100%\" height=\"0\" scrolling=\"no\" style=\"border: 0;\" id=\"iFrameResizer2\" class=\"iframe-class\" frameborder=\"0\"><\/iframe>\n<br \/>\n<script type=\"text\/javascript\" src=\"\/\/cdn.evenea.pl\/js\/iframe\/new\/iframeResizer2.js\"><\/script><\/p>\n","protected":false},"excerpt":{"rendered":"<p>Jak wzi\u0105\u0107 udzia\u0142 w pi\u0105tej edycji Capital Market Games i stworzy\u0107 razem z nami najbardziej energetyczn\u0105 imprez\u0119 sportow\u0105 w kraju? Je\u015bli chcesz zg\u0142osi\u0107 firm\u0119 lub ca\u0142\u0105 dru\u017cyn\u0119 (pi\u0142ka no\u017cna, siatk\u00f3wka halowa, koszyk\u00f3wka) do sport\u00f3w zespo\u0142owych skontaktuj si\u0119 z nami bezpo\u015brednio &nbsp; Je\u015bli chcesz wzi\u0105\u0107 udzia\u0142 w dyscyplinach indywidualnych skorzystaj z poni\u017cszego formularza zapis\u00f3w. Je\u015bli nie [&hellip;]<\/p>\n","protected":false},"author":4,"featured_media":0,"parent":0,"menu_order":0,"comment_status":"closed","ping_status":"closed","template":"","meta":{"footnotes":""},"class_list":["post-47","page","type-page","status-publish","hentry"],"_links":{"self":[{"href":"https:\/\/www.capitalmarketgames.pl\/2017\/wp-json\/wp\/v2\/pages\/47","targetHints":{"allow":["GET"]}}],"collection":[{"href":"https:\/\/www.capitalmarketgames.pl\/2017\/wp-json\/wp\/v2\/pages"}],"about":[{"href":"https:\/\/www.capitalmarketgames.pl\/2017\/wp-json\/wp\/v2\/types\/page"}],"author":[{"embeddable":true,"href":"https:\/\/www.capitalmarketgames.pl\/2017\/wp-json\/wp\/v2\/users\/4"}],"replies":[{"embeddable":true,"href":"https:\/\/www.capitalmarketgames.pl\/2017\/wp-json\/wp\/v2\/comments?post=47"}],"version-history":[{"count":37,"href":"https:\/\/www.capitalmarketgames.pl\/2017\/wp-json\/wp\/v2\/pages\/47\/revisions"}],"predecessor-version":[{"id":2605,"href":"https:\/\/www.capitalmarketgames.pl\/2017\/wp-json\/wp\/v2\/pages\/47\/revisions\/2605"}],"wp:attachment":[{"href":"https:\/\/www.capitalmarketgames.pl\/2017\/wp-json\/wp\/v2\/media?parent=47"}],"curies":[{"name":"wp","href":"https:\/\/api.w.org\/{rel}","templated":true}]}}