{"id":2538,"date":"2017-09-08T13:38:40","date_gmt":"2017-09-08T11:38:40","guid":{"rendered":"http:\/\/www.capitalmarketgames.pl\/2017\/?page_id=2538"},"modified":"2017-09-08T16:44:31","modified_gmt":"2017-09-08T14:44:31","slug":"siatkowka-plazowa","status":"publish","type":"page","link":"https:\/\/www.capitalmarketgames.pl\/2017\/dyscypliny\/siatkowka-plazowa\/","title":{"rendered":"Siatk\u00f3wka pla\u017cowa"},"content":{"rendered":"<p style=\"color: #040404;\"><strong>Miejsce:<\/strong> Arena Futbolu &#8211; boiska do siatk\u00f3wki pla\u017cowej<\/p>\n<p style=\"color: #040404;\"><strong>Liczba zawodnik\u00f3w zg\u0142oszonych do turnieju:<\/strong> min. 2, max. 3<\/p>\n<p style=\"color: #040404;\"><strong>Liczba zawodnik\u00f3w na boisku:<\/strong> 2 w polu<\/p>\n<p style=\"color: #040404;\"><strong>Str\u00f3j sportowy:<\/strong> jednolity str\u00f3j z numerami na plecach<\/p>\n<p style=\"color: #040404;\"><img loading=\"lazy\" decoding=\"async\" class=\"aligncenter size-full wp-image-631\" src=\"http:\/\/www.capitalmarketgames.pl\/wp-content\/uploads\/sites\/6\/2014\/05\/siatk\u00f3wka_CMG.jpg\" alt=\"siatk\u00f3wka_CMG\" width=\"960\" height=\"340\" srcset=\"https:\/\/www.capitalmarketgames.pl\/2017\/wp-content\/uploads\/sites\/6\/2014\/05\/siatk\u00f3wka_CMG.jpg 960w, https:\/\/www.capitalmarketgames.pl\/2017\/wp-content\/uploads\/sites\/6\/2014\/05\/siatk\u00f3wka_CMG-300x106.jpg 300w, https:\/\/www.capitalmarketgames.pl\/2017\/wp-content\/uploads\/sites\/6\/2014\/05\/siatk\u00f3wka_CMG-768x272.jpg 768w\" sizes=\"auto, (max-width: 960px) 100vw, 960px\" \/><\/p>\n<p><strong>REGULACJE<\/strong><\/p>\n<ul>\n<li>Minimalna liczba dru\u017cyn w turnieju pla\u017cowym \u2013 8.<\/li>\n<li>Zasady FIVB przystosowane do Capital Market Games.<\/li>\n<\/ul>\n<p style=\"text-align: center;\">\n<p>&nbsp;<\/p>\n<p style=\"text-align: center;\"><strong>Partnerem dyscypliny jest:<\/strong><\/p>\n<p>&nbsp;<\/p>\n<p style=\"text-align: center;\"><a href=\"http:\/\/www.cyfrowypolsat.pl\/\" target=\"_blank\" rel=\"noopener\"><img loading=\"lazy\" decoding=\"async\" class=\"alignnone size-full wp-image-2567\" src=\"http:\/\/www.capitalmarketgames.pl\/2017\/wp-content\/uploads\/sites\/6\/2017\/09\/cyfrowy-polsat-360x140.png\" alt=\"\" width=\"360\" height=\"140\" srcset=\"https:\/\/www.capitalmarketgames.pl\/2017\/wp-content\/uploads\/sites\/6\/2017\/09\/cyfrowy-polsat-360x140.png 360w, https:\/\/www.capitalmarketgames.pl\/2017\/wp-content\/uploads\/sites\/6\/2017\/09\/cyfrowy-polsat-360x140-300x117.png 300w\" sizes=\"auto, (max-width: 360px) 100vw, 360px\" \/><\/a><\/p>\n<p>&nbsp;<\/p>\n","protected":false},"excerpt":{"rendered":"<p>Miejsce: Arena Futbolu &#8211; boiska do siatk\u00f3wki pla\u017cowej Liczba zawodnik\u00f3w zg\u0142oszonych do turnieju: min. 2, max. 3 Liczba zawodnik\u00f3w na boisku: 2 w polu Str\u00f3j sportowy: jednolity str\u00f3j z numerami na plecach REGULACJE Minimalna liczba dru\u017cyn w turnieju pla\u017cowym \u2013 8. Zasady FIVB przystosowane do Capital Market Games. &nbsp; Partnerem dyscypliny jest: &nbsp; &nbsp;<\/p>\n","protected":false},"author":1,"featured_media":2550,"parent":45,"menu_order":0,"comment_status":"closed","ping_status":"closed","template":"","meta":{"footnotes":""},"class_list":["post-2538","page","type-page","status-publish","has-post-thumbnail","hentry"],"_links":{"self":[{"href":"https:\/\/www.capitalmarketgames.pl\/2017\/wp-json\/wp\/v2\/pages\/2538","targetHints":{"allow":["GET"]}}],"collection":[{"href":"https:\/\/www.capitalmarketgames.pl\/2017\/wp-json\/wp\/v2\/pages"}],"about":[{"href":"https:\/\/www.capitalmarketgames.pl\/2017\/wp-json\/wp\/v2\/types\/page"}],"author":[{"embeddable":true,"href":"https:\/\/www.capitalmarketgames.pl\/2017\/wp-json\/wp\/v2\/users\/1"}],"replies":[{"embeddable":true,"href":"https:\/\/www.capitalmarketgames.pl\/2017\/wp-json\/wp\/v2\/comments?post=2538"}],"version-history":[{"count":9,"href":"https:\/\/www.capitalmarketgames.pl\/2017\/wp-json\/wp\/v2\/pages\/2538\/revisions"}],"predecessor-version":[{"id":2578,"href":"https:\/\/www.capitalmarketgames.pl\/2017\/wp-json\/wp\/v2\/pages\/2538\/revisions\/2578"}],"up":[{"embeddable":true,"href":"https:\/\/www.capitalmarketgames.pl\/2017\/wp-json\/wp\/v2\/pages\/45"}],"wp:featuredmedia":[{"embeddable":true,"href":"https:\/\/www.capitalmarketgames.pl\/2017\/wp-json\/wp\/v2\/media\/2550"}],"wp:attachment":[{"href":"https:\/\/www.capitalmarketgames.pl\/2017\/wp-json\/wp\/v2\/media?parent=2538"}],"curies":[{"name":"wp","href":"https:\/\/api.w.org\/{rel}","templated":true}]}}