{"id":111,"date":"2014-05-24T14:44:46","date_gmt":"2014-05-24T12:44:46","guid":{"rendered":"http:\/\/www.capitalmarketgames.pl\/2017\/?page_id=111"},"modified":"2017-09-08T16:54:42","modified_gmt":"2017-09-08T14:54:42","slug":"lekkoatletyka","status":"publish","type":"page","link":"https:\/\/www.capitalmarketgames.pl\/2017\/dyscypliny\/lekkoatletyka\/","title":{"rendered":"Lekkoatletyka"},"content":{"rendered":"<p style=\"color: #040404; text-align: left;\">Z racji liczby konkurencji, jakie ma w sobie \u201eKr\u00f3lowa Sportu\u201d musieli\u015bmy wybra\u0107 dla Was jedynie kilka z nich.<\/p>\n<p style=\"color: #040404; text-align: left;\"><strong>Biegi:<\/strong> na dystansach 80m, 400m, 1500m oraz sztafeta 4x100m<\/p>\n<p style=\"color: #040404; text-align: left;\"><strong>Pchni\u0119cie kul\u0105<\/strong><\/p>\n<p style=\"color: #040404; text-align: left;\"><strong>Skok w dal<\/strong><\/p>\n<p style=\"color: #040404;\"><img loading=\"lazy\" decoding=\"async\" class=\"aligncenter size-full wp-image-722\" src=\"http:\/\/www.capitalmarketgames.pl\/wp-content\/uploads\/sites\/6\/2014\/05\/LA_CMG_biegi.jpg\" alt=\"LA_CMG_biegi\" width=\"960\" height=\"340\" srcset=\"https:\/\/www.capitalmarketgames.pl\/2017\/wp-content\/uploads\/sites\/6\/2014\/05\/LA_CMG_biegi.jpg 960w, https:\/\/www.capitalmarketgames.pl\/2017\/wp-content\/uploads\/sites\/6\/2014\/05\/LA_CMG_biegi-300x106.jpg 300w, https:\/\/www.capitalmarketgames.pl\/2017\/wp-content\/uploads\/sites\/6\/2014\/05\/LA_CMG_biegi-768x272.jpg 768w\" sizes=\"auto, (max-width: 960px) 100vw, 960px\" \/><\/p>\n<p>&nbsp;<\/p>\n<p style=\"text-align: center;\"><strong>Partnerem konkurencji skok w dal jest:<\/strong><\/p>\n<p>&nbsp;<\/p>\n<p style=\"text-align: center;\"><a href=\"http:\/\/www.dekpol.pl\/\" target=\"_blank\" rel=\"noopener\"><img loading=\"lazy\" decoding=\"async\" class=\"alignnone size-full wp-image-2570\" src=\"http:\/\/www.capitalmarketgames.pl\/2017\/wp-content\/uploads\/sites\/6\/2014\/05\/dekpol-340x110.png\" alt=\"\" width=\"340\" height=\"110\" srcset=\"https:\/\/www.capitalmarketgames.pl\/2017\/wp-content\/uploads\/sites\/6\/2014\/05\/dekpol-340x110.png 340w, https:\/\/www.capitalmarketgames.pl\/2017\/wp-content\/uploads\/sites\/6\/2014\/05\/dekpol-340x110-300x97.png 300w\" sizes=\"auto, (max-width: 340px) 100vw, 340px\" \/><\/a><\/p>\n<p>&nbsp;<\/p>\n<p style=\"text-align: center;\"><strong>Partnerem konkurencji biegowych jest:<\/strong><\/p>\n<p>&nbsp;<\/p>\n<p style=\"text-align: center;\"><a href=\"https:\/\/www.cdm24.pl\/\" target=\"_blank\" rel=\"noopener\"><img loading=\"lazy\" decoding=\"async\" class=\"alignnone wp-image-2583 size-full\" src=\"http:\/\/www.capitalmarketgames.pl\/2017\/wp-content\/uploads\/sites\/6\/2014\/05\/cdm-pekao-500x100.png\" alt=\"\" width=\"500\" height=\"100\" srcset=\"https:\/\/www.capitalmarketgames.pl\/2017\/wp-content\/uploads\/sites\/6\/2014\/05\/cdm-pekao-500x100.png 500w, https:\/\/www.capitalmarketgames.pl\/2017\/wp-content\/uploads\/sites\/6\/2014\/05\/cdm-pekao-500x100-300x60.png 300w\" sizes=\"auto, (max-width: 500px) 100vw, 500px\" \/><\/a><\/p>\n<p>&nbsp;<\/p>\n","protected":false},"excerpt":{"rendered":"<p>Z racji liczby konkurencji, jakie ma w sobie \u201eKr\u00f3lowa Sportu\u201d musieli\u015bmy wybra\u0107 dla Was jedynie kilka z nich. Biegi: na dystansach 80m, 400m, 1500m oraz sztafeta 4x100m Pchni\u0119cie kul\u0105 Skok w dal &nbsp; Partnerem konkurencji skok w dal jest: &nbsp; &nbsp; Partnerem konkurencji biegowych jest: &nbsp; &nbsp;<\/p>\n","protected":false},"author":4,"featured_media":161,"parent":45,"menu_order":0,"comment_status":"closed","ping_status":"closed","template":"","meta":{"footnotes":""},"class_list":["post-111","page","type-page","status-publish","has-post-thumbnail","hentry"],"_links":{"self":[{"href":"https:\/\/www.capitalmarketgames.pl\/2017\/wp-json\/wp\/v2\/pages\/111","targetHints":{"allow":["GET"]}}],"collection":[{"href":"https:\/\/www.capitalmarketgames.pl\/2017\/wp-json\/wp\/v2\/pages"}],"about":[{"href":"https:\/\/www.capitalmarketgames.pl\/2017\/wp-json\/wp\/v2\/types\/page"}],"author":[{"embeddable":true,"href":"https:\/\/www.capitalmarketgames.pl\/2017\/wp-json\/wp\/v2\/users\/4"}],"replies":[{"embeddable":true,"href":"https:\/\/www.capitalmarketgames.pl\/2017\/wp-json\/wp\/v2\/comments?post=111"}],"version-history":[{"count":24,"href":"https:\/\/www.capitalmarketgames.pl\/2017\/wp-json\/wp\/v2\/pages\/111\/revisions"}],"predecessor-version":[{"id":2588,"href":"https:\/\/www.capitalmarketgames.pl\/2017\/wp-json\/wp\/v2\/pages\/111\/revisions\/2588"}],"up":[{"embeddable":true,"href":"https:\/\/www.capitalmarketgames.pl\/2017\/wp-json\/wp\/v2\/pages\/45"}],"wp:featuredmedia":[{"embeddable":true,"href":"https:\/\/www.capitalmarketgames.pl\/2017\/wp-json\/wp\/v2\/media\/161"}],"wp:attachment":[{"href":"https:\/\/www.capitalmarketgames.pl\/2017\/wp-json\/wp\/v2\/media?parent=111"}],"curies":[{"name":"wp","href":"https:\/\/api.w.org\/{rel}","templated":true}]}}