{"id":95,"date":"2014-05-24T14:41:37","date_gmt":"2014-05-24T12:41:37","guid":{"rendered":"http:\/\/www.capitalmarketgames.pl\/2016\/?page_id=95"},"modified":"2017-07-25T11:01:35","modified_gmt":"2017-07-25T09:01:35","slug":"regulamin","status":"publish","type":"page","link":"https:\/\/www.capitalmarketgames.pl\/2016\/igrzyska\/regulamin\/","title":{"rendered":"Regulamin"},"content":{"rendered":"<p style=\"text-align: center\"><strong>Regulamin \u201eCapital Market Games 2016\u201d<\/strong><\/p>\n<p style=\"text-align: center\"><strong>\u00a71<\/strong> <strong>CEL<\/strong><\/p>\n<p>Capital Market Games to inicjatywa maj\u0105ca stanowi\u0107 namiastk\u0119 prawdziwych Igrzysk Olimpijskich. Impreza kierowana jest do wszystkich instytucji oraz inwestor\u00f3w tworz\u0105cych rynek kapita\u0142owy (m.in. instytucji rynkowych, emitent\u00f3w, biur maklerskich, autoryzowanych doradc\u00f3w, medi\u00f3w ekonomicznych, agencji IR, inwestor\u00f3w). Impreza ma na celu szeroko poj\u0119t\u0105 integracj\u0119 wszystkich uczestnik\u00f3w rynku kapita\u0142owego w Polsce.<\/p>\n<p>&nbsp;<\/p>\n<p>&nbsp;<\/p>\n<p style=\"text-align: center\"><strong>\u00a72<\/strong> <strong>ORGANIZATOR<\/strong><strong>\u00a0<\/strong><\/p>\n<p>Organizatorem Capital Market Games 2016 (zar\u00f3wno zawod\u00f3w jak i imprez towarzysz\u0105cych) jest Stowarzyszenie Inwestor\u00f3w Indywidualnych (SII) z siedzib\u0105 we Wroc\u0142awiu (kod pocztowy: 50-560) przy ul. D\u0142ugopolskiej 22, zarejestrowany przez S\u0105d Rejestrowy dla Wroc\u0142awia-Fabrycznej we Wroc\u0142awiu, VI Wydzia\u0142 Gospodarczy pod numerem KRS 0000025801 zwanym dalej Stowarzyszeniem, SII lub Organizatorem,<\/p>\n<p><strong>\u00a0<\/strong><\/p>\n<p><strong>\u00a0<\/strong><\/p>\n<p style=\"text-align: center\"><strong>\u00a73<\/strong> <strong>TERMIN I MIEJSCE<\/strong><\/p>\n<p>Rozgrywki Capital Market Games 2016 odb\u0119d\u0105 si\u0119 w dniach 23-25 wrze\u015bnia 2016 roku w Zakopanem na arenach sportowych Centralnego O\u015brodka Sportu.<\/p>\n<p>&nbsp;<\/p>\n<p style=\"text-align: center\"><strong>\u00a74<\/strong> <strong>UCZESTNICTWO<\/strong><\/p>\n<ol>\n<li>W zawodach mog\u0105 wzi\u0105\u0107 udzia\u0142:<\/li>\n<\/ol>\n<ul>\n<li>inwestorzy indywidualni,<\/li>\n<li>pracownicy sp\u00f3\u0142ek gie\u0142dowych,<\/li>\n<li>pracownicy instytucji rynku kapita\u0142owego,<\/li>\n<li>dziennikarze ekonomiczni,<\/li>\n<li>pracownicy agencji IR.<\/li>\n<\/ul>\n<p>&nbsp;<\/p>\n<ol start=\"2\">\n<li>Formularz zg\u0142oszeniowy dost\u0119pny jest na stronie internetowej www.capitalmarketgames.pl\/2016 lub w biurze Zarz\u0105du Stowarzyszenia Inwestor\u00f3w Indywidualnych.<\/li>\n<\/ol>\n<p>&nbsp;<\/p>\n<ol start=\"3\">\n<li>Osoby bior\u0105ce udzia\u0142 w zawodach zobowi\u0105zane s\u0105 do:<\/li>\n<\/ol>\n<ul>\n<li>wype\u0142nienia formularza zg\u0142oszeniowego (indywidualnie b\u0105d\u017a poprzez pracodawc\u0119),<\/li>\n<li>op\u0142acenia kwoty zwi\u0105zanej z uczestnictwem w Capital Market Games.<\/li>\n<\/ul>\n<p>&nbsp;<\/p>\n<ol start=\"4\">\n<li>Zg\u0142oszenia prosimy sk\u0142ada\u0107 w Biurze Organizatora we Wroc\u0142awiu w nast\u0119puj\u0105cy spos\u00f3b:<br \/>\na) telefonicznie \u2013 pod nr tel. 71 332 95 60 (zg\u0142oszenie wype\u0142ni pracownik SII),<br \/>\nb) faxem na numer 71 332 95 61,<br \/>\nc) na adres e-mail: mtyrka@sii.org.pl,<br \/>\nd) osobi\u015bcie w biurze Zarz\u0105du Stowarzyszenia Inwestor\u00f3w Indywidualnych.<\/li>\n<\/ol>\n<p>&nbsp;<\/p>\n<ol start=\"5\">\n<li>Potwierdzenie uczestnictwa mo\u017cna zg\u0142osi\u0107 poprzez wype\u0142nienie formularza na oficjalnej stronie Capital Market Games \u2013 www.capitalmarketgames.pl\/2016\/zapisy.<\/li>\n<\/ol>\n<p>&nbsp;<\/p>\n<ol start=\"6\">\n<li>\u00a0Uczestnicy zawod\u00f3w mog\u0105 bra\u0107 udzia\u0142 w dowolnie wybranych przez siebie konkurencjach sportowych. Wyboru dokonuje si\u0119 za pomoc\u0105 formularza zg\u0142oszeniowego, zamieszczonego na stronie internetowej www.capitalmarketgames.pl\/2016. W przypadku konkurencji rozgrywanych w tym samym czasie, uczestnik decyduje, w kt\u00f3rej chce wzi\u0105\u0107 udzia\u0142. Ustalone godziny rozgrywania poszczeg\u00f3lnych konkurencji nie ulegaj\u0105 zmianie podczas trwania zawod\u00f3w.<\/li>\n<\/ol>\n<p>&nbsp;<\/p>\n<ol start=\"7\">\n<li>Przebieg poszczeg\u00f3lnych konkurencji odbywa si\u0119 na podstawie osobnych regulamin\u00f3w, dost\u0119pnych na stronie www.capitalmarketgames.pl\/2016.<\/li>\n<\/ol>\n<p>&nbsp;<\/p>\n<ol start=\"8\">\n<li>Klasyfikacja medalowa b\u0119dzie prowadzona na wz\u00f3r klasyfikacji medalowej Igrzysk Olimpijskich, kt\u00f3ra g\u0142osi, \u017ce wa\u017cniejszy od ilo\u015bci zdobytych medali jest ich kruszec (kolor). Jedynie firmy, kt\u00f3re zg\u0142osz\u0105 udzia\u0142 swojej reprezentacji w Capital Market Games b\u0119d\u0105 uwzgl\u0119dnione w klasyfikacji medalowej.<\/li>\n<\/ol>\n<p>&nbsp;<\/p>\n<ol start=\"9\">\n<li>Prowadzona b\u0119dzie r\u00f3wnie\u017c klasyfikacja \u201eMULTIMEDALI\u015aCI\u201d dla kobiet i m\u0119\u017cczyzn. Dla zawodnik\u00f3w, kt\u00f3rzy zdob\u0119d\u0105 najwi\u0119cej medali, przewidziana jest nagroda specjalna wr\u0119czona podczas ceremonii rozdania nagr\u00f3d, kt\u00f3ra odb\u0119dzie si\u0119 25\u00a0wrze\u015bnia w Hotelu Rezydencja Nosalowy w Zakopanem. Tak samo jak w przypadku firm, liczy\u0107 si\u0119 b\u0119dzie kruszec, je\u015bli liczbowo b\u0119dzie kilku zawodnik\u00f3w, kt\u00f3rzy zdob\u0119d\u0105 tak\u0105 sam\u0105 ilo\u015b\u0107 (np. 1 z\u0142oty, 2 srebrny, 3 br\u0105zowe) o zwyci\u0119stwie decyduje liczba dyscyplin, w kt\u00f3rych medale zosta\u0142y wywalczone. Je\u015bli nie przyniesie to rozstrzygni\u0119cia b\u0119dzie mia\u0142o miejsce losowanie. W klasyfikacji Multimedali\u015bci b\u0119d\u0105 brane pod uwag\u0119 konkurencje oraz dyscypliny indywidualne.<\/li>\n<\/ol>\n<p>&nbsp;<\/p>\n<ol start=\"10\">\n<li>W zawodach mo\u017ce wzi\u0105\u0107 udzia\u0142 jedynie osoba, kt\u00f3ra znajduje si\u0119 na li\u015bcie startowej danej konkurencji. Nie ma mo\u017cliwo\u015bci dopisania si\u0119 na listy startowe w dniu rozgrywania zawod\u00f3w.<\/li>\n<\/ol>\n<p>&nbsp;<\/p>\n<ol start=\"11\">\n<li>Uczestnicy maj\u0105 prawo do bezp\u0142atnego otrzymania materia\u0142\u00f3w promocyjnych, wst\u0119pu na wszystkie zawody oraz imprezy towarzysz\u0105ce.<\/li>\n<\/ol>\n<p>&nbsp;<\/p>\n<ol start=\"12\">\n<li>Capital Market Games ma charakter zamkni\u0119ty \u2013 wst\u0119p na zawody oraz imprezy towarzysz\u0105ce jest mo\u017cliwy jedynie za okazaniem imiennego identyfikatora.<\/li>\n<\/ol>\n<p>&nbsp;<\/p>\n<ol start=\"13\">\n<li>Organizator imprezy jest ubezpieczony od odpowiedzialno\u015bci cywilnej. Uczestnicy zawod\u00f3w w ramach op\u0142aty wpisowej nie maj\u0105 dodatkowych ubezpiecze\u0144.<\/li>\n<\/ol>\n<p>&nbsp;<\/p>\n<ol start=\"14\">\n<li>O tym, czy konkurencja zostanie rozegrana, decyduje liczba zapis\u00f3w, kt\u00f3rej minimum okre\u015blone jest w regulaminach poszczeg\u00f3lnych konkurencji.<\/li>\n<\/ol>\n<p>&nbsp;<\/p>\n<ol start=\"15\">\n<li>Ostateczna lista konkurencji\u00a0zostanie og\u0142oszona do 15 wrze\u015bnia 2016 r.<\/li>\n<\/ol>\n<p>&nbsp;<\/p>\n<ol start=\"16\">\n<li>Ograniczenie zapis\u00f3w uczestnik\u00f3w jednej firmy (konkurencje indywidualne) \u2013 b\u0119dzie mia\u0142o miejsce, gdy po zamkni\u0119ciu zapis\u00f3w na dan\u0105 konkurencj\u0119, liczba pracownik\u00f3w z jednego podmiotu b\u0119dzie przekracza\u0142a 30% liczby wszystkich uczestnik\u00f3w.<\/li>\n<\/ol>\n<p>&nbsp;<\/p>\n<ol start=\"17\">\n<li>Ostateczna interpretacja regulaminu nale\u017cy do Organizatora.<\/li>\n<\/ol>\n<p>&nbsp;<\/p>\n<p style=\"text-align: center\"><strong>\u00a75<\/strong> <strong>S\u0141U\u017bBY PORZ\u0104DKOWE I INFORMACYJNE<\/strong><\/p>\n<p>\u00a0Do s\u0142u\u017cb Organizatora zalicza si\u0119: s\u0142u\u017cby organizacyjne, s\u0142u\u017cby techniczne, s\u0142u\u017cby medyczne.<\/p>\n<p><strong>\u00a0<\/strong><\/p>\n<p style=\"text-align: center\"><strong>\u00a76<\/strong> <strong>ZASADY ZACHOWANIA NA OBIEKTACH SPORTOWYCH<\/strong><\/p>\n<p>&nbsp;<\/p>\n<ol>\n<li>Ka\u017cdy, kto przebywa na obiektach sportowych winien zachowa\u0107 si\u0119 zgodnie z obowi\u0105zuj\u0105cymi przepisami prawa, a w szczeg\u00f3lno\u015bci Regulaminem obiektu Centralnego O\u015brodku Sportu w Zakopanem, na kt\u00f3rym rozgrywane s\u0105 zawody.<\/li>\n<\/ol>\n<p>&nbsp;<\/p>\n<ol start=\"2\">\n<li>Ka\u017cdy, kto przebywa na obiektach sportowych powinien zachowa\u0107 si\u0119 tak, aby nie szkodzi\u0142\u00a0i nie zagra\u017ca\u0142 sobie i innym.<\/li>\n<\/ol>\n<p><strong>\u00a0<\/strong><strong>\u00a0<\/strong><\/p>\n<p style=\"text-align: center\"><strong>\u00a77<\/strong> <strong>KWESTIE FINANSOWE<\/strong><\/p>\n<ol>\n<li>Udzia\u0142 w konkurencjach jest p\u0142atny zgodnie z cennikiem dost\u0119pnym na stronie www.capitalmarketgames.pl\/2016.<\/li>\n<\/ol>\n<p>&nbsp;<\/p>\n<ol start=\"2\">\n<li>Wp\u0142at indywidualnych nale\u017cy dokonywa\u0107 na konto Stowarzyszenia: Bank Zachodni WBK S.A. O\/Wroc\u0142aw, 97 1090 2398 0000 0001 1589 0623, z dopiskiem \u201eCMG imi\u0119 i nazwisko\u201d.<\/li>\n<\/ol>\n<p>&nbsp;<\/p>\n<ol start=\"3\">\n<li>Wp\u0142at firmowych nale\u017cy dokonywa\u0107 zgodnie z otrzyman\u0105 faktur\u0105, w terminie na niej zaznaczonym. Uczestnicy, kt\u00f3rzy zrezygnuj\u0105 z udzia\u0142u w Capital Market Games nie otrzymaj\u0105 zwrotu dokonanej wp\u0142aty.<\/li>\n<\/ol>\n<p>&nbsp;<\/p>\n<ol start=\"4\">\n<li>Ka\u017cda z os\u00f3b, kt\u00f3ra zaloguje si\u0119 poprzez formularz zg\u0142oszeniowy i poprawnie go wype\u0142ni, automatycznie otrzyma wiadomo\u015b\u0107 zwrotn\u0105 na adres e-mail podany w formularzu. Wiadomo\u015b\u0107 zwrotna jest jednocze\u015bnie potwierdzeniem przyj\u0119cia zg\u0142oszenia uczestnika\u00a0z zastrze\u017ceniem \u00a77 pkt. 5 niniejszego regulaminu.<\/li>\n<\/ol>\n<p>&nbsp;<\/p>\n<ol start=\"5\">\n<li>Organizator zastrzega sobie prawo do wykluczenia z udzia\u0142u w imprezie uczestnika, kt\u00f3ry spe\u0142ni\u0142 wszystkie wymogi zwi\u0105zane z rejestracj\u0105, bez podania powodu.<\/li>\n<\/ol>\n<p>&nbsp;<\/p>\n<ol start=\"6\">\n<li>Organizator nie zapewnia uczestnikom dojazdu na i z imprezy.<\/li>\n<\/ol>\n<p>&nbsp;<\/p>\n<ol start=\"7\">\n<li>Za \u015bwiadczone dodatkowe us\u0142ugi (takie jak m.in. rozmowy telefoniczne, parking\u00a0i inne us\u0142ugi zamawiane bezpo\u015brednio przez uczestnik\u00f3w konferencji) wed\u0142ug cennika Hotelu obci\u0105\u017ceni zostan\u0105 indywidualnie uczestnicy konferencji.<\/li>\n<\/ol>\n<p>&nbsp;<\/p>\n<ol start=\"8\">\n<li>Organizator nie ponosi odpowiedzialno\u015bci za rzeczy uczestnik\u00f3w, kt\u00f3re mog\u0105 zosta\u0107 zgubione, zniszczone lub skradzione podczas Capital Market Games w Zakopanem.<\/li>\n<\/ol>\n<p>&nbsp;<\/p>\n<ol start=\"9\">\n<li>Uczestnicy ponosz\u0105 pe\u0142n\u0105 odpowiedzialno\u015b\u0107 materialn\u0105 za dokonane przez siebie zniszczenia zar\u00f3wno na terenie obiekt\u00f3w, w kt\u00f3rych prowadzone s\u0105 jakiekolwiek dzia\u0142ania zwi\u0105zane\u00a0z Imprez\u0105, jak r\u00f3wnie\u017c w miejscach zakwaterowania.<\/li>\n<\/ol>\n<p>&nbsp;<\/p>\n<ol start=\"10\">\n<li>Zarejestrowanie si\u0119 w charakterze uczestnika CMG jest r\u00f3wnoznaczne z zaakceptowaniem powy\u017cszego regulaminu.<\/li>\n<\/ol>\n<p>&nbsp;<\/p>\n","protected":false},"excerpt":{"rendered":"<p>Regulamin \u201eCapital Market Games 2016\u201d \u00a71 CEL Capital Market Games to inicjatywa maj\u0105ca stanowi\u0107 namiastk\u0119 prawdziwych Igrzysk Olimpijskich. Impreza kierowana jest do wszystkich instytucji oraz inwestor\u00f3w tworz\u0105cych rynek kapita\u0142owy (m.in. instytucji rynkowych, emitent\u00f3w, biur maklerskich, autoryzowanych doradc\u00f3w, medi\u00f3w ekonomicznych, agencji IR, inwestor\u00f3w). Impreza ma na celu szeroko poj\u0119t\u0105 integracj\u0119 wszystkich uczestnik\u00f3w rynku kapita\u0142owego w Polsce. [&hellip;]<\/p>\n","protected":false},"author":4,"featured_media":0,"parent":64,"menu_order":0,"comment_status":"closed","ping_status":"closed","template":"","meta":{"footnotes":""},"class_list":["post-95","page","type-page","status-publish","hentry"],"_links":{"self":[{"href":"https:\/\/www.capitalmarketgames.pl\/2016\/wp-json\/wp\/v2\/pages\/95","targetHints":{"allow":["GET"]}}],"collection":[{"href":"https:\/\/www.capitalmarketgames.pl\/2016\/wp-json\/wp\/v2\/pages"}],"about":[{"href":"https:\/\/www.capitalmarketgames.pl\/2016\/wp-json\/wp\/v2\/types\/page"}],"author":[{"embeddable":true,"href":"https:\/\/www.capitalmarketgames.pl\/2016\/wp-json\/wp\/v2\/users\/4"}],"replies":[{"embeddable":true,"href":"https:\/\/www.capitalmarketgames.pl\/2016\/wp-json\/wp\/v2\/comments?post=95"}],"version-history":[{"count":27,"href":"https:\/\/www.capitalmarketgames.pl\/2016\/wp-json\/wp\/v2\/pages\/95\/revisions"}],"predecessor-version":[{"id":2093,"href":"https:\/\/www.capitalmarketgames.pl\/2016\/wp-json\/wp\/v2\/pages\/95\/revisions\/2093"}],"up":[{"embeddable":true,"href":"https:\/\/www.capitalmarketgames.pl\/2016\/wp-json\/wp\/v2\/pages\/64"}],"wp:attachment":[{"href":"https:\/\/www.capitalmarketgames.pl\/2016\/wp-json\/wp\/v2\/media?parent=95"}],"curies":[{"name":"wp","href":"https:\/\/api.w.org\/{rel}","templated":true}]}}