{"id":87,"date":"2014-05-24T14:27:41","date_gmt":"2014-05-24T12:27:41","guid":{"rendered":"http:\/\/www.capitalmarketgames.pl\/2016\/?page_id=87"},"modified":"2017-07-25T11:00:55","modified_gmt":"2017-07-25T09:00:55","slug":"pilka-nozna","status":"publish","type":"page","link":"https:\/\/www.capitalmarketgames.pl\/2016\/dyscypliny\/pilka-nozna\/","title":{"rendered":"Pi\u0142ka no\u017cna"},"content":{"rendered":"<p style=\"color: #040404; text-align: left;\"><span style=\"color: #040404;\">Turniej pi\u0142karski zostanie rozegrany w pi\u0105tek i sobot\u0119 na jednym z naj\u0142adniej po\u0142o\u017conych boisk pi\u0142karskich w Polsce. Liczba miejsc ograniczona jest do <strong>12 dru\u017cyn.<\/strong>\u00a0<\/span><\/p>\n<p><strong>Miejsce:<\/strong> stadion COS \u201ePlateau\u201d \u2013 sztuczna trawa<\/p>\n<p><strong>Boiska:<\/strong>\u00a0dwa boiska o wymiarach ok. 55\u00d735 m , bez spalonych<\/p>\n<p><strong>Liczba\u00a0zawodnik\u00f3w zg\u0142oszonych do turnieju:<\/strong> min. 6, max. 12<\/p>\n<p><strong>Liczba\u00a0zawodnik\u00f3w na boisku:<\/strong> 5 w polu + bramkarz<\/p>\n<p><strong>Str\u00f3j sportowy: <\/strong>jednolity str\u00f3j z numerami na plecach<\/p>\n<p style=\"color: #040404;\"><img loading=\"lazy\" decoding=\"async\" class=\"aligncenter size-full wp-image-728\" src=\"http:\/\/www.capitalmarketgames.pl\/wp-content\/uploads\/sites\/5\/2014\/05\/pi\u0142ka-no\u017cna_CMG_1.jpg\" alt=\"pi\u0142ka no\u017cna_CMG_1\" width=\"960\" height=\"340\" srcset=\"https:\/\/www.capitalmarketgames.pl\/2016\/wp-content\/uploads\/sites\/5\/2014\/05\/pi\u0142ka-no\u017cna_CMG_1.jpg 960w, https:\/\/www.capitalmarketgames.pl\/2016\/wp-content\/uploads\/sites\/5\/2014\/05\/pi\u0142ka-no\u017cna_CMG_1-300x106.jpg 300w, https:\/\/www.capitalmarketgames.pl\/2016\/wp-content\/uploads\/sites\/5\/2014\/05\/pi\u0142ka-no\u017cna_CMG_1-768x272.jpg 768w\" sizes=\"auto, (max-width: 960px) 100vw, 960px\" \/><\/p>\n<p><strong>ROZGRYWANIE MECZ\u00d3W\u00a0<\/strong><\/p>\n<ul>\n<li>2 razy 10 minut.<\/li>\n<li>Przerwa mi\u0119dzy po\u0142owami trwa 2 minuty.<\/li>\n<li>Zmiany hokejowe.<\/li>\n<li>\u017c\u00f3\u0142ta kartka = 2 minuty.<\/li>\n<li>czerwona kartka=5min. + absencja do ko\u0144ca meczu, 2 \u017c\u00f3\u0142te w meczu=czerwona,<\/li>\n<li>Dru\u017cyny graj\u0105 w grupach ka\u017cdy z ka\u017cdym: kolejno\u015b\u0107 w grupach wynika z kolejno: 1. punkty (zwyci\u0119stwo 3, remis 1, przegrana 0), 2.mecz bezpo\u015bredni lub ma\u0142a tabela, 3. r\u00f3\u017cnica bramek, 4. wi\u0119ksza ilo\u015b\u0107 strzelonych bramek.<\/li>\n<li>Dogrywki po wyj\u015bciu z grup. Dogrywka 2 x 5 min. do z\u0142otej bramki, ew. rzuty karne \u2013 5 a nast. po 1.<\/li>\n<\/ul>\n<p><strong>REGULACJE<\/strong><\/p>\n<ul>\n<li>Minimalna liczba dru\u017cyn w turnieju \u2013 8. Maksymalna liczba dru\u017cyn \u2013 12.<\/li>\n<li>W przypadku przekroczenia progu zapisu, o uczestnictwie w turnieju decyduje kolejno\u015b\u0107 zg\u0142osze\u0144.<\/li>\n<\/ul>\n<p>&nbsp;<\/p>\n","protected":false},"excerpt":{"rendered":"<p>Turniej pi\u0142karski zostanie rozegrany w pi\u0105tek i sobot\u0119 na jednym z naj\u0142adniej po\u0142o\u017conych boisk pi\u0142karskich w Polsce. Liczba miejsc ograniczona jest do 12 dru\u017cyn.\u00a0 Miejsce: stadion COS \u201ePlateau\u201d \u2013 sztuczna trawa Boiska:\u00a0dwa boiska o wymiarach ok. 55\u00d735 m , bez spalonych Liczba\u00a0zawodnik\u00f3w zg\u0142oszonych do turnieju: min. 6, max. 12 Liczba\u00a0zawodnik\u00f3w na boisku: 5 w polu [&hellip;]<\/p>\n","protected":false},"author":4,"featured_media":157,"parent":45,"menu_order":0,"comment_status":"closed","ping_status":"closed","template":"","meta":{"footnotes":""},"class_list":["post-87","page","type-page","status-publish","has-post-thumbnail","hentry"],"_links":{"self":[{"href":"https:\/\/www.capitalmarketgames.pl\/2016\/wp-json\/wp\/v2\/pages\/87","targetHints":{"allow":["GET"]}}],"collection":[{"href":"https:\/\/www.capitalmarketgames.pl\/2016\/wp-json\/wp\/v2\/pages"}],"about":[{"href":"https:\/\/www.capitalmarketgames.pl\/2016\/wp-json\/wp\/v2\/types\/page"}],"author":[{"embeddable":true,"href":"https:\/\/www.capitalmarketgames.pl\/2016\/wp-json\/wp\/v2\/users\/4"}],"replies":[{"embeddable":true,"href":"https:\/\/www.capitalmarketgames.pl\/2016\/wp-json\/wp\/v2\/comments?post=87"}],"version-history":[{"count":29,"href":"https:\/\/www.capitalmarketgames.pl\/2016\/wp-json\/wp\/v2\/pages\/87\/revisions"}],"predecessor-version":[{"id":1844,"href":"https:\/\/www.capitalmarketgames.pl\/2016\/wp-json\/wp\/v2\/pages\/87\/revisions\/1844"}],"up":[{"embeddable":true,"href":"https:\/\/www.capitalmarketgames.pl\/2016\/wp-json\/wp\/v2\/pages\/45"}],"wp:featuredmedia":[{"embeddable":true,"href":"https:\/\/www.capitalmarketgames.pl\/2016\/wp-json\/wp\/v2\/media\/157"}],"wp:attachment":[{"href":"https:\/\/www.capitalmarketgames.pl\/2016\/wp-json\/wp\/v2\/media?parent=87"}],"curies":[{"name":"wp","href":"https:\/\/api.w.org\/{rel}","templated":true}]}}