{"id":55,"date":"2014-05-24T02:26:21","date_gmt":"2014-05-24T00:26:21","guid":{"rendered":"http:\/\/www.capitalmarketgames.pl\/2016\/?page_id=55"},"modified":"2017-07-25T11:01:42","modified_gmt":"2017-07-25T09:01:42","slug":"kontakt","status":"publish","type":"page","link":"https:\/\/www.capitalmarketgames.pl\/2016\/kontakt\/","title":{"rendered":"Kontakt"},"content":{"rendered":"<p><strong>Korzy\u015bci wynikaj\u0105ce z Partnerstwa w Capital Market Games:<\/strong><\/p>\n<ul>\n<li>Wzmacnianie rozpoznawalno\u015bci marki w\u015br\u00f3d otoczenia rynku kapita\u0142owego,<\/li>\n<li>Szeroki pakiet wizerunkowy w mediach og\u00f3lnopolskich,<\/li>\n<li>Unikalne po\u0142\u0105czenie sportu i biznesu,<\/li>\n<li>Budowanie zaufania, lojalno\u015bci oraz ducha zespo\u0142u, a tak\u017ce zwi\u0119kszanie motywacji w\u015br\u00f3d pracownik\u00f3w.<\/li>\n<\/ul>\n<p>&nbsp;<\/p>\n<p>Jeste\u015b zainteresowany wsp\u00f3\u0142prac\u0105? Napisz do nas lub zadzwo\u0144!<\/p>\n<p>Bartosz Dziemaszkiewicz<\/p>\n<p>kom. 604\u00a0599 309<br \/>\nemail:\u00a0<a style=\"color: #a2782a\" href=\"mailto:bdziemaszkiewicz@sii.org.pl\" target=\"_blank\">bdziemaszkiewicz@sii.org.pl<\/a><\/p>\n<p>&nbsp;<\/p>\n<p>Marcin Gl\u0105da\u0142a<\/p>\n<p>kom.\u00a0727\u00a0662\u00a0664<br \/>\nemail:\u00a0<a style=\"color: #a2782a\" href=\"mailto:marcin.gladala@tatraholding.pl\" target=\"_blank\">marcin.gladala@tatraholding.pl<\/a><\/p>\n<p>&nbsp;<\/p>\n<p style=\"color: #000000\"><strong>Masz problem z rejestracj\u0105 na imprez\u0119? Chcesz o co\u015b zapyta\u0107? Napisz do nas lub zadzwo\u0144!<\/strong><\/p>\n<p style=\"color: #000000\">Magdalena Tyrka<\/p>\n<p style=\"color: #000000\">e-mail:\u00a0<a style=\"color: #a2782a\" href=\"mailto:mtyrka@sii.org.pl\" target=\"_blank\">mtyrka@sii.org.pl<\/a><\/p>\n<p style=\"color: #000000\">tel. 71 332 95 65<\/p>\n<p>&nbsp;<\/p>\n<p>&nbsp;<\/p>\n<p style=\"color: #000000;text-align: center\"><strong>Jak dojecha\u0107 na Capital Market Games?<\/strong><\/p>\n<p style=\"color: #000000;text-align: center\"><strong>Centralny O\u015brodek Sportu<\/strong><br \/>\nO\u015brodek Przygotowa\u0144 Olimpijskich w Zakopanem<br \/>\n34-500 Zakopane<br \/>\nul. Bronis\u0142awa Czecha 1<\/p>\n<p style=\"color: #000000;text-align: center\"><small><a style=\"color: #0000ff;text-align: left\" href=\"https:\/\/maps.google.pl\/maps?f=q&amp;source=embed&amp;hl=pl&amp;geocode=&amp;q=Bronis%C5%82awa+Czecha,+Zakopane&amp;aq=0&amp;oq=bronis&amp;sll=49.28344,19.971785&amp;sspn=0.283975,0.617294&amp;ie=UTF8&amp;hq=&amp;hnear=Bronis%C5%82awa+Czecha,+Zakopane,+tatrza%C5%84ski,+Wojew%C3%B3dztwo+ma%C5%82opolskie&amp;t=m&amp;layer=c&amp;cbll=49.28344,19.971785&amp;panoid=HooNxTlUB6Whl991sPAY5A&amp;cbp=13,315.41,,0,14.75&amp;ll=49.273923,19.975119&amp;spn=0.017584,0.048237&amp;z=14\">Wy\u015bwietl wi\u0119ksz\u0105 map\u0119<\/a><\/small><\/p>\n","protected":false},"excerpt":{"rendered":"<p>Korzy\u015bci wynikaj\u0105ce z Partnerstwa w Capital Market Games: Wzmacnianie rozpoznawalno\u015bci marki w\u015br\u00f3d otoczenia rynku kapita\u0142owego, Szeroki pakiet wizerunkowy w mediach og\u00f3lnopolskich, Unikalne po\u0142\u0105czenie sportu i biznesu, Budowanie zaufania, lojalno\u015bci oraz ducha zespo\u0142u, a tak\u017ce zwi\u0119kszanie motywacji w\u015br\u00f3d pracownik\u00f3w. &nbsp; Jeste\u015b zainteresowany wsp\u00f3\u0142prac\u0105? Napisz do nas lub zadzwo\u0144! Bartosz Dziemaszkiewicz kom. 604\u00a0599 309 email:\u00a0bdziemaszkiewicz@sii.org.pl &nbsp; Marcin [&hellip;]<\/p>\n","protected":false},"author":4,"featured_media":0,"parent":0,"menu_order":0,"comment_status":"closed","ping_status":"closed","template":"","meta":{"footnotes":""},"class_list":["post-55","page","type-page","status-publish","hentry"],"_links":{"self":[{"href":"https:\/\/www.capitalmarketgames.pl\/2016\/wp-json\/wp\/v2\/pages\/55","targetHints":{"allow":["GET"]}}],"collection":[{"href":"https:\/\/www.capitalmarketgames.pl\/2016\/wp-json\/wp\/v2\/pages"}],"about":[{"href":"https:\/\/www.capitalmarketgames.pl\/2016\/wp-json\/wp\/v2\/types\/page"}],"author":[{"embeddable":true,"href":"https:\/\/www.capitalmarketgames.pl\/2016\/wp-json\/wp\/v2\/users\/4"}],"replies":[{"embeddable":true,"href":"https:\/\/www.capitalmarketgames.pl\/2016\/wp-json\/wp\/v2\/comments?post=55"}],"version-history":[{"count":11,"href":"https:\/\/www.capitalmarketgames.pl\/2016\/wp-json\/wp\/v2\/pages\/55\/revisions"}],"predecessor-version":[{"id":1874,"href":"https:\/\/www.capitalmarketgames.pl\/2016\/wp-json\/wp\/v2\/pages\/55\/revisions\/1874"}],"wp:attachment":[{"href":"https:\/\/www.capitalmarketgames.pl\/2016\/wp-json\/wp\/v2\/media?parent=55"}],"curies":[{"name":"wp","href":"https:\/\/api.w.org\/{rel}","templated":true}]}}