{"id":51,"date":"2014-05-24T02:26:02","date_gmt":"2014-05-24T00:26:02","guid":{"rendered":"http:\/\/www.capitalmarketgames.pl\/2016\/?page_id=51"},"modified":"2017-07-25T11:02:09","modified_gmt":"2017-07-25T09:02:09","slug":"wyniki","status":"publish","type":"page","link":"https:\/\/www.capitalmarketgames.pl\/2016\/wyniki\/","title":{"rendered":"Wyniki"},"content":{"rendered":"<h2 style=\"text-align: center\">Poni\u017cej prezentujemy pe\u0142ne zestawienie wynik\u00f3w IV edycji Capital Market Games!<\/h2>\n<p class=\"responsive-media\" style=\"padding-bottom: 83.372365339578%\"><iframe loading=\"lazy\" title=\"IV Capital Market Games - Oficjalne wyniki\" src=\"https:\/\/www.slideshare.net\/slideshow\/embed_code\/key\/ocsssdiQODQlaQ\" width=\"427\" height=\"356\" frameborder=\"0\" marginwidth=\"0\" marginheight=\"0\" scrolling=\"no\" style=\"border:1px solid #CCC; border-width:1px; margin-bottom:5px; max-width: 100%;\" allowfullscreen> <\/iframe> <\/p>\n<div style=\"margin-bottom:5px\"> <strong> <a href=\"https:\/\/www.slideshare.net\/inwestorzy\/iv-capital-market-games-oficjalne-wyniki-66588655\" title=\"IV Capital Market Games - Oficjalne wyniki\" target=\"_blank\">IV Capital Market Games &#8211; Oficjalne wyniki<\/a> <\/strong> from <strong><a href=\"https:\/\/www.slideshare.net\/inwestorzy\" target=\"_blank\">Stowarzyszenie Inwestor\u00f3w Indywidualnych<\/a><\/strong> <\/div><\/p>\n","protected":false},"excerpt":{"rendered":"<p>Poni\u017cej prezentujemy pe\u0142ne zestawienie wynik\u00f3w IV edycji Capital Market Games!<\/p>\n","protected":false},"author":4,"featured_media":0,"parent":0,"menu_order":0,"comment_status":"closed","ping_status":"closed","template":"","meta":{"footnotes":""},"class_list":["post-51","page","type-page","status-publish","hentry"],"_links":{"self":[{"href":"https:\/\/www.capitalmarketgames.pl\/2016\/wp-json\/wp\/v2\/pages\/51","targetHints":{"allow":["GET"]}}],"collection":[{"href":"https:\/\/www.capitalmarketgames.pl\/2016\/wp-json\/wp\/v2\/pages"}],"about":[{"href":"https:\/\/www.capitalmarketgames.pl\/2016\/wp-json\/wp\/v2\/types\/page"}],"author":[{"embeddable":true,"href":"https:\/\/www.capitalmarketgames.pl\/2016\/wp-json\/wp\/v2\/users\/4"}],"replies":[{"embeddable":true,"href":"https:\/\/www.capitalmarketgames.pl\/2016\/wp-json\/wp\/v2\/comments?post=51"}],"version-history":[{"count":39,"href":"https:\/\/www.capitalmarketgames.pl\/2016\/wp-json\/wp\/v2\/pages\/51\/revisions"}],"predecessor-version":[{"id":2211,"href":"https:\/\/www.capitalmarketgames.pl\/2016\/wp-json\/wp\/v2\/pages\/51\/revisions\/2211"}],"wp:attachment":[{"href":"https:\/\/www.capitalmarketgames.pl\/2016\/wp-json\/wp\/v2\/media?parent=51"}],"curies":[{"name":"wp","href":"https:\/\/api.w.org\/{rel}","templated":true}]}}