{"id":47,"date":"2014-05-24T02:25:36","date_gmt":"2014-05-24T00:25:36","guid":{"rendered":"http:\/\/www.capitalmarketgames.pl\/2016\/?page_id=47"},"modified":"2017-07-25T11:02:20","modified_gmt":"2017-07-25T09:02:20","slug":"zapisy","status":"publish","type":"page","link":"https:\/\/www.capitalmarketgames.pl\/2016\/zapisy\/","title":{"rendered":"Zapisy"},"content":{"rendered":"<p style=\"color: #040404\"><strong>Chcia\u0142by\u015b zg\u0142osi\u0107 firm\u0119? Zapraszamy do kontaktu:<\/strong><\/p>\n<p style=\"color: #040404\"><strong>Bartosz Dziemaszkiewicz<\/strong><\/p>\n<p style=\"color: #000000\">kom. 604\u00a0599\u00a0309<br \/>\nemail:\u00a0<a href=\"mailto:bdziemaszkiewicz@sii.org.pl\" target=\"_blank\">bdziemszkiewicz@sii.org.pl<\/a><\/p>\n<p><strong>Marcin Gl\u0105da\u0142a<\/strong><\/p>\n<p>kom.\u00a0727\u00a0662\u00a0664<br \/>\nemail: <a href=\"http:\/\/marcin.gladala@tatraholding.pl\">marcin.gladala@tatraholding.pl<\/a><\/p>\n<p>&nbsp;<\/p>\n<p><strong>KOSZTY UCZESTNICTWA<\/strong><\/p>\n<p style=\"color: #040404\">Zg\u0142oszenia do udzia\u0142u w konkurencjach indywidualnych rozgrywanych podczas Capital Market Games:<br \/>\nw ramach op\u0142aty za udzia\u0142 zawodnik mo\u017ce wzi\u0105\u0107 udzia\u0142 w dowolnie wybranej przez siebie liczbie dyscyplin indywidualnych. W przypadku dyscyplin rozgrywanych w tym samym czasie, wyb\u00f3r pozostaje po stronie uczestnika.<\/p>\n<p style=\"color: #040404\"><strong><span style=\"color: #040404\">Opcje udzia\u0142u:<\/span><\/strong><\/p>\n<ul>\n<li>Pe\u0142ne uczestnictwo (zakwaterowanie pi\u0105tek-niedziela, wy\u017cywienie, udzia\u0142 w gali wieczornej, udzia\u0142 w konkurencjach indywidualnych)\u00a0<strong>dla cz\u0142onk\u00f3w Stowarzyszenia Inwestor\u00f3w Indywidualnych<\/strong>\u00a0&#8211;<strong> 985 z\u0142 brutto<\/strong><strong><br \/>\n<\/strong><\/li>\n<li>Uczestnictwo bez zakwaterowania (wy\u017cywienie, udzia\u0142 w gali wieczornej, udzia\u0142 w konkurencjach indywidualnych)\u00a0\u00a0<strong>dla cz\u0142onk\u00f3w Stowarzyszenia Inwestor\u00f3w Indywidualnych<\/strong>\u00a0&#8211; <strong>555 z\u0142 brutto<\/strong><\/li>\n<\/ul>\n","protected":false},"excerpt":{"rendered":"<p>Chcia\u0142by\u015b zg\u0142osi\u0107 firm\u0119? Zapraszamy do kontaktu: Bartosz Dziemaszkiewicz kom. 604\u00a0599\u00a0309 email:\u00a0bdziemszkiewicz@sii.org.pl Marcin Gl\u0105da\u0142a kom.\u00a0727\u00a0662\u00a0664 email: marcin.gladala@tatraholding.pl &nbsp; KOSZTY UCZESTNICTWA Zg\u0142oszenia do udzia\u0142u w konkurencjach indywidualnych rozgrywanych podczas Capital Market Games: w ramach op\u0142aty za udzia\u0142 zawodnik mo\u017ce wzi\u0105\u0107 udzia\u0142 w dowolnie wybranej przez siebie liczbie dyscyplin indywidualnych. W przypadku dyscyplin rozgrywanych w tym samym czasie, [&hellip;]<\/p>\n","protected":false},"author":4,"featured_media":0,"parent":0,"menu_order":0,"comment_status":"closed","ping_status":"closed","template":"registration.php","meta":{"footnotes":""},"class_list":["post-47","page","type-page","status-publish","hentry"],"_links":{"self":[{"href":"https:\/\/www.capitalmarketgames.pl\/2016\/wp-json\/wp\/v2\/pages\/47","targetHints":{"allow":["GET"]}}],"collection":[{"href":"https:\/\/www.capitalmarketgames.pl\/2016\/wp-json\/wp\/v2\/pages"}],"about":[{"href":"https:\/\/www.capitalmarketgames.pl\/2016\/wp-json\/wp\/v2\/types\/page"}],"author":[{"embeddable":true,"href":"https:\/\/www.capitalmarketgames.pl\/2016\/wp-json\/wp\/v2\/users\/4"}],"replies":[{"embeddable":true,"href":"https:\/\/www.capitalmarketgames.pl\/2016\/wp-json\/wp\/v2\/comments?post=47"}],"version-history":[{"count":12,"href":"https:\/\/www.capitalmarketgames.pl\/2016\/wp-json\/wp\/v2\/pages\/47\/revisions"}],"predecessor-version":[{"id":1909,"href":"https:\/\/www.capitalmarketgames.pl\/2016\/wp-json\/wp\/v2\/pages\/47\/revisions\/1909"}],"wp:attachment":[{"href":"https:\/\/www.capitalmarketgames.pl\/2016\/wp-json\/wp\/v2\/media?parent=47"}],"curies":[{"name":"wp","href":"https:\/\/api.w.org\/{rel}","templated":true}]}}