{"id":119,"date":"2014-05-24T14:45:38","date_gmt":"2014-05-24T12:45:38","guid":{"rendered":"http:\/\/www.capitalmarketgames.pl\/2016\/?page_id=119"},"modified":"2017-07-25T11:00:58","modified_gmt":"2017-07-25T09:00:58","slug":"plywanie","status":"publish","type":"page","link":"https:\/\/www.capitalmarketgames.pl\/2016\/dyscypliny\/plywanie\/","title":{"rendered":"P\u0142ywanie"},"content":{"rendered":"<p style=\"color: #040404\">Zawody p\u0142ywackie organizowane w ramach Capital Market Games zostan\u0105 rozegrane w pi\u0105tek 23\u00a0wrze\u015bnia 2016 r.<\/p>\n<p style=\"color: #040404\"><strong>Styl klasyczny:<\/strong><\/p>\n<ul>\n<li><span style=\"color: #040404\">50 m (kobiety, m\u0119\u017cczy\u017ani)<\/span><\/li>\n<\/ul>\n<p><strong>Styl dowolny:<\/strong><\/p>\n<ul>\n<li>50 m\u00a0<span style=\"color: #040404\">(kobiety, m\u0119\u017cczy\u017ani),<\/span><\/li>\n<li>400 m\u00a0<span style=\"color: #040404\">(kobiety, m\u0119\u017cczy\u017ani).<\/span><\/li>\n<\/ul>\n<p><strong>Styl grzbietowy:<\/strong><\/p>\n<ul>\n<li>50 m\u00a0<span style=\"color: #040404\">(kobiety, m\u0119\u017cczy\u017ani).<\/span><\/li>\n<\/ul>\n<p><strong>Styl motylkowy:<\/strong><\/p>\n<ul>\n<li>50 m\u00a0<span style=\"color: #040404\">(kobiety, m\u0119\u017cczy\u017ani).<\/span><\/li>\n<\/ul>\n<p><strong>Styl zmienny:<\/strong><\/p>\n<ul>\n<li>100 m\u00a0<span style=\"color: #040404\">(kobiety, m\u0119\u017cczy\u017ani).<\/span><\/li>\n<\/ul>\n<p style=\"color: #040404\"><img loading=\"lazy\" decoding=\"async\" class=\"aligncenter size-full wp-image-628\" src=\"http:\/\/www.capitalmarketgames.pl\/wp-content\/uploads\/sites\/5\/2014\/05\/p\u0142ywanie_CMG.jpg\" alt=\"p\u0142ywanie_CMG\" width=\"960\" height=\"340\" srcset=\"https:\/\/www.capitalmarketgames.pl\/2016\/wp-content\/uploads\/sites\/5\/2014\/05\/p\u0142ywanie_CMG.jpg 960w, https:\/\/www.capitalmarketgames.pl\/2016\/wp-content\/uploads\/sites\/5\/2014\/05\/p\u0142ywanie_CMG-300x106.jpg 300w, https:\/\/www.capitalmarketgames.pl\/2016\/wp-content\/uploads\/sites\/5\/2014\/05\/p\u0142ywanie_CMG-768x272.jpg 768w\" sizes=\"auto, (max-width: 960px) 100vw, 960px\" \/><\/p>\n","protected":false},"excerpt":{"rendered":"<p>Zawody p\u0142ywackie organizowane w ramach Capital Market Games zostan\u0105 rozegrane w pi\u0105tek 23\u00a0wrze\u015bnia 2016 r. Styl klasyczny: 50 m (kobiety, m\u0119\u017cczy\u017ani) Styl dowolny: 50 m\u00a0(kobiety, m\u0119\u017cczy\u017ani), 400 m\u00a0(kobiety, m\u0119\u017cczy\u017ani). Styl grzbietowy: 50 m\u00a0(kobiety, m\u0119\u017cczy\u017ani). Styl motylkowy: 50 m\u00a0(kobiety, m\u0119\u017cczy\u017ani). Styl zmienny: 100 m\u00a0(kobiety, m\u0119\u017cczy\u017ani).<\/p>\n","protected":false},"author":4,"featured_media":163,"parent":45,"menu_order":0,"comment_status":"closed","ping_status":"closed","template":"","meta":{"footnotes":""},"class_list":["post-119","page","type-page","status-publish","has-post-thumbnail","hentry"],"_links":{"self":[{"href":"https:\/\/www.capitalmarketgames.pl\/2016\/wp-json\/wp\/v2\/pages\/119","targetHints":{"allow":["GET"]}}],"collection":[{"href":"https:\/\/www.capitalmarketgames.pl\/2016\/wp-json\/wp\/v2\/pages"}],"about":[{"href":"https:\/\/www.capitalmarketgames.pl\/2016\/wp-json\/wp\/v2\/types\/page"}],"author":[{"embeddable":true,"href":"https:\/\/www.capitalmarketgames.pl\/2016\/wp-json\/wp\/v2\/users\/4"}],"replies":[{"embeddable":true,"href":"https:\/\/www.capitalmarketgames.pl\/2016\/wp-json\/wp\/v2\/comments?post=119"}],"version-history":[{"count":8,"href":"https:\/\/www.capitalmarketgames.pl\/2016\/wp-json\/wp\/v2\/pages\/119\/revisions"}],"predecessor-version":[{"id":1989,"href":"https:\/\/www.capitalmarketgames.pl\/2016\/wp-json\/wp\/v2\/pages\/119\/revisions\/1989"}],"up":[{"embeddable":true,"href":"https:\/\/www.capitalmarketgames.pl\/2016\/wp-json\/wp\/v2\/pages\/45"}],"wp:featuredmedia":[{"embeddable":true,"href":"https:\/\/www.capitalmarketgames.pl\/2016\/wp-json\/wp\/v2\/media\/163"}],"wp:attachment":[{"href":"https:\/\/www.capitalmarketgames.pl\/2016\/wp-json\/wp\/v2\/media?parent=119"}],"curies":[{"name":"wp","href":"https:\/\/api.w.org\/{rel}","templated":true}]}}