{"id":117,"date":"2014-05-24T14:45:28","date_gmt":"2014-05-24T12:45:28","guid":{"rendered":"http:\/\/www.capitalmarketgames.pl\/2016\/?page_id=117"},"modified":"2017-07-25T11:01:06","modified_gmt":"2017-07-25T09:01:06","slug":"tenis-stolowy","status":"publish","type":"page","link":"https:\/\/www.capitalmarketgames.pl\/2016\/dyscypliny\/tenis-stolowy\/","title":{"rendered":"Tenis sto\u0142owy"},"content":{"rendered":"<p style=\"color: #040404\">Turniej tenisa sto\u0142owego odb\u0119dzie si\u0119 w sobot\u0119 24\u00a0wrze\u015bnia 2016 r.<\/p>\n<p style=\"color: #040404\"><strong>Miejsce: <\/strong>sala zapas\u00f3w COS Zakopane (nad stadionem lekkoatletycznym).<\/p>\n<p style=\"color: #040404\"><strong>Ograniczenia:<\/strong> max.\u00a0<strong>32<\/strong> zawodnik\u00f3w<strong>\u00a0<\/strong><\/p>\n<p style=\"color: #040404\"><strong>System<\/strong>: pucharowy (do 2 przegranych).<\/p>\n<p style=\"color: #040404\"><img loading=\"lazy\" decoding=\"async\" class=\"aligncenter size-full wp-image-637\" src=\"http:\/\/www.capitalmarketgames.pl\/wp-content\/uploads\/sites\/5\/2014\/05\/tenis-sto\u0142owy_CMG.jpg\" alt=\"tenis sto\u0142owy_CMG\" width=\"960\" height=\"340\" srcset=\"https:\/\/www.capitalmarketgames.pl\/2016\/wp-content\/uploads\/sites\/5\/2014\/05\/tenis-sto\u0142owy_CMG.jpg 960w, https:\/\/www.capitalmarketgames.pl\/2016\/wp-content\/uploads\/sites\/5\/2014\/05\/tenis-sto\u0142owy_CMG-300x106.jpg 300w, https:\/\/www.capitalmarketgames.pl\/2016\/wp-content\/uploads\/sites\/5\/2014\/05\/tenis-sto\u0142owy_CMG-768x272.jpg 768w\" sizes=\"auto, (max-width: 960px) 100vw, 960px\" \/><\/p>\n","protected":false},"excerpt":{"rendered":"<p>Turniej tenisa sto\u0142owego odb\u0119dzie si\u0119 w sobot\u0119 24\u00a0wrze\u015bnia 2016 r. Miejsce: sala zapas\u00f3w COS Zakopane (nad stadionem lekkoatletycznym). Ograniczenia: max.\u00a032 zawodnik\u00f3w\u00a0 System: pucharowy (do 2 przegranych).<\/p>\n","protected":false},"author":4,"featured_media":225,"parent":45,"menu_order":0,"comment_status":"closed","ping_status":"closed","template":"","meta":{"footnotes":""},"class_list":["post-117","page","type-page","status-publish","has-post-thumbnail","hentry"],"_links":{"self":[{"href":"https:\/\/www.capitalmarketgames.pl\/2016\/wp-json\/wp\/v2\/pages\/117","targetHints":{"allow":["GET"]}}],"collection":[{"href":"https:\/\/www.capitalmarketgames.pl\/2016\/wp-json\/wp\/v2\/pages"}],"about":[{"href":"https:\/\/www.capitalmarketgames.pl\/2016\/wp-json\/wp\/v2\/types\/page"}],"author":[{"embeddable":true,"href":"https:\/\/www.capitalmarketgames.pl\/2016\/wp-json\/wp\/v2\/users\/4"}],"replies":[{"embeddable":true,"href":"https:\/\/www.capitalmarketgames.pl\/2016\/wp-json\/wp\/v2\/comments?post=117"}],"version-history":[{"count":12,"href":"https:\/\/www.capitalmarketgames.pl\/2016\/wp-json\/wp\/v2\/pages\/117\/revisions"}],"predecessor-version":[{"id":1999,"href":"https:\/\/www.capitalmarketgames.pl\/2016\/wp-json\/wp\/v2\/pages\/117\/revisions\/1999"}],"up":[{"embeddable":true,"href":"https:\/\/www.capitalmarketgames.pl\/2016\/wp-json\/wp\/v2\/pages\/45"}],"wp:featuredmedia":[{"embeddable":true,"href":"https:\/\/www.capitalmarketgames.pl\/2016\/wp-json\/wp\/v2\/media\/225"}],"wp:attachment":[{"href":"https:\/\/www.capitalmarketgames.pl\/2016\/wp-json\/wp\/v2\/media?parent=117"}],"curies":[{"name":"wp","href":"https:\/\/api.w.org\/{rel}","templated":true}]}}