{"id":115,"date":"2014-05-24T14:45:17","date_gmt":"2014-05-24T12:45:17","guid":{"rendered":"http:\/\/www.capitalmarketgames.pl\/2016\/?page_id=115"},"modified":"2017-07-25T11:01:09","modified_gmt":"2017-07-25T09:01:09","slug":"tenis-ziemny","status":"publish","type":"page","link":"https:\/\/www.capitalmarketgames.pl\/2016\/dyscypliny\/tenis-ziemny\/","title":{"rendered":"Tenis ziemny"},"content":{"rendered":"<p style=\"color: #040404\">Turniej tenisa ziemnego zostanie rozegrany w sobot\u0119 24\u00a0wrze\u015bnia 2015 r.<\/p>\n<p style=\"color: #040404\"><strong>Miejsce:<\/strong> korty COS Zakopane<\/p>\n<p style=\"color: #040404\"><strong>Ilo\u015b\u0107 kort\u00f3w:<\/strong> 4<\/p>\n<p style=\"color: #040404\"><strong>Nawierzchnia:<\/strong> m\u0105czka ceglana<\/p>\n<p style=\"color: #040404\"><strong>Informacje og\u00f3lne:<\/strong><\/p>\n<ul>\n<li>Organizator nie zapewnia rakiet tenisowych,<\/li>\n<li>w przypadku deszczu Organizator zastrzega mo\u017cliwo\u015b\u0107:<br \/>\na) odwo\u0142ania turnieju,<br \/>\nb) prze\u0142o\u017cenia (zmiana w terminarzu gier),<br \/>\nc) przeniesienia turnieju do hali &#8211; po uzgodnieniu z uczestnikami.<\/li>\n<\/ul>\n<p style=\"color: #040404\"><img loading=\"lazy\" decoding=\"async\" class=\"aligncenter size-full wp-image-640\" src=\"http:\/\/www.capitalmarketgames.pl\/wp-content\/uploads\/sites\/5\/2014\/05\/tenis-ziemny_CMG.jpg\" alt=\"tenis ziemny_CMG\" width=\"960\" height=\"340\" srcset=\"https:\/\/www.capitalmarketgames.pl\/2016\/wp-content\/uploads\/sites\/5\/2014\/05\/tenis-ziemny_CMG.jpg 960w, https:\/\/www.capitalmarketgames.pl\/2016\/wp-content\/uploads\/sites\/5\/2014\/05\/tenis-ziemny_CMG-300x106.jpg 300w, https:\/\/www.capitalmarketgames.pl\/2016\/wp-content\/uploads\/sites\/5\/2014\/05\/tenis-ziemny_CMG-768x272.jpg 768w\" sizes=\"auto, (max-width: 960px) 100vw, 960px\" \/><\/p>\n","protected":false},"excerpt":{"rendered":"<p>Turniej tenisa ziemnego zostanie rozegrany w sobot\u0119 24\u00a0wrze\u015bnia 2015 r. Miejsce: korty COS Zakopane Ilo\u015b\u0107 kort\u00f3w: 4 Nawierzchnia: m\u0105czka ceglana Informacje og\u00f3lne: Organizator nie zapewnia rakiet tenisowych, w przypadku deszczu Organizator zastrzega mo\u017cliwo\u015b\u0107: a) odwo\u0142ania turnieju, b) prze\u0142o\u017cenia (zmiana w terminarzu gier), c) przeniesienia turnieju do hali &#8211; po uzgodnieniu z uczestnikami.<\/p>\n","protected":false},"author":4,"featured_media":224,"parent":45,"menu_order":0,"comment_status":"closed","ping_status":"closed","template":"","meta":{"footnotes":""},"class_list":["post-115","page","type-page","status-publish","has-post-thumbnail","hentry"],"_links":{"self":[{"href":"https:\/\/www.capitalmarketgames.pl\/2016\/wp-json\/wp\/v2\/pages\/115","targetHints":{"allow":["GET"]}}],"collection":[{"href":"https:\/\/www.capitalmarketgames.pl\/2016\/wp-json\/wp\/v2\/pages"}],"about":[{"href":"https:\/\/www.capitalmarketgames.pl\/2016\/wp-json\/wp\/v2\/types\/page"}],"author":[{"embeddable":true,"href":"https:\/\/www.capitalmarketgames.pl\/2016\/wp-json\/wp\/v2\/users\/4"}],"replies":[{"embeddable":true,"href":"https:\/\/www.capitalmarketgames.pl\/2016\/wp-json\/wp\/v2\/comments?post=115"}],"version-history":[{"count":8,"href":"https:\/\/www.capitalmarketgames.pl\/2016\/wp-json\/wp\/v2\/pages\/115\/revisions"}],"predecessor-version":[{"id":1997,"href":"https:\/\/www.capitalmarketgames.pl\/2016\/wp-json\/wp\/v2\/pages\/115\/revisions\/1997"}],"up":[{"embeddable":true,"href":"https:\/\/www.capitalmarketgames.pl\/2016\/wp-json\/wp\/v2\/pages\/45"}],"wp:featuredmedia":[{"embeddable":true,"href":"https:\/\/www.capitalmarketgames.pl\/2016\/wp-json\/wp\/v2\/media\/224"}],"wp:attachment":[{"href":"https:\/\/www.capitalmarketgames.pl\/2016\/wp-json\/wp\/v2\/media?parent=115"}],"curies":[{"name":"wp","href":"https:\/\/api.w.org\/{rel}","templated":true}]}}