{"id":113,"date":"2014-05-24T14:45:03","date_gmt":"2014-05-24T12:45:03","guid":{"rendered":"http:\/\/www.capitalmarketgames.pl\/2016\/?page_id=113"},"modified":"2017-07-25T11:00:28","modified_gmt":"2017-07-25T09:00:28","slug":"badminton","status":"publish","type":"page","link":"https:\/\/www.capitalmarketgames.pl\/2016\/dyscypliny\/badminton\/","title":{"rendered":"Badminton"},"content":{"rendered":"<p>Turniej badmintona\u00a0odb\u0119dzie si\u0119 pierwszego dnia Igrzysk (pi\u0105tek 23 wrze\u015bnia 2016 r.).<\/p>\n<p><strong>Miejsce:\u00a0<\/strong>hala g\u0142\u00f3wna COS Zakopane.<\/p>\n<p><strong>Rozgrywki:<\/strong> System pucharowy do jednego wygranego meczu.<\/p>\n<p>Mecze eliminacyjne i pierwsza runda \u2013 dwa sety do 11, przy r\u00f3wnowadze do dw\u00f3ch punkt\u00f3w przewagi. Przy r\u00f3wnowadze 14-14\u00a0, 15 punkt wygrywa. Nast\u0119pna runda do 21 , 25 ko\u0144czy.<\/p>\n<p>Mecze kobiet , dwa sety do 21 , 25 ko\u0144czy.<\/p>\n<p><strong>Ograniczenia:<\/strong>\u00a0max.\u00a0<strong>32<\/strong>\u00a0zawodnik\u00f3w.<\/p>\n<p style=\"color: #040404\"><img loading=\"lazy\" decoding=\"async\" class=\"aligncenter size-full wp-image-623\" src=\"http:\/\/www.capitalmarketgames.pl\/wp-content\/uploads\/sites\/5\/2014\/05\/badminton_CMG.jpg\" alt=\"badminton_CMG\" width=\"960\" height=\"340\" srcset=\"https:\/\/www.capitalmarketgames.pl\/2016\/wp-content\/uploads\/sites\/5\/2014\/05\/badminton_CMG.jpg 960w, https:\/\/www.capitalmarketgames.pl\/2016\/wp-content\/uploads\/sites\/5\/2014\/05\/badminton_CMG-300x106.jpg 300w, https:\/\/www.capitalmarketgames.pl\/2016\/wp-content\/uploads\/sites\/5\/2014\/05\/badminton_CMG-768x272.jpg 768w\" sizes=\"auto, (max-width: 960px) 100vw, 960px\" \/><\/p>\n","protected":false},"excerpt":{"rendered":"<p>Turniej badmintona\u00a0odb\u0119dzie si\u0119 pierwszego dnia Igrzysk (pi\u0105tek 23 wrze\u015bnia 2016 r.). Miejsce:\u00a0hala g\u0142\u00f3wna COS Zakopane. Rozgrywki: System pucharowy do jednego wygranego meczu. Mecze eliminacyjne i pierwsza runda \u2013 dwa sety do 11, przy r\u00f3wnowadze do dw\u00f3ch punkt\u00f3w przewagi. Przy r\u00f3wnowadze 14-14\u00a0, 15 punkt wygrywa. Nast\u0119pna runda do 21 , 25 ko\u0144czy. Mecze kobiet , dwa [&hellip;]<\/p>\n","protected":false},"author":4,"featured_media":226,"parent":45,"menu_order":0,"comment_status":"closed","ping_status":"closed","template":"","meta":{"footnotes":""},"class_list":["post-113","page","type-page","status-publish","has-post-thumbnail","hentry"],"_links":{"self":[{"href":"https:\/\/www.capitalmarketgames.pl\/2016\/wp-json\/wp\/v2\/pages\/113","targetHints":{"allow":["GET"]}}],"collection":[{"href":"https:\/\/www.capitalmarketgames.pl\/2016\/wp-json\/wp\/v2\/pages"}],"about":[{"href":"https:\/\/www.capitalmarketgames.pl\/2016\/wp-json\/wp\/v2\/types\/page"}],"author":[{"embeddable":true,"href":"https:\/\/www.capitalmarketgames.pl\/2016\/wp-json\/wp\/v2\/users\/4"}],"replies":[{"embeddable":true,"href":"https:\/\/www.capitalmarketgames.pl\/2016\/wp-json\/wp\/v2\/comments?post=113"}],"version-history":[{"count":12,"href":"https:\/\/www.capitalmarketgames.pl\/2016\/wp-json\/wp\/v2\/pages\/113\/revisions"}],"predecessor-version":[{"id":2138,"href":"https:\/\/www.capitalmarketgames.pl\/2016\/wp-json\/wp\/v2\/pages\/113\/revisions\/2138"}],"up":[{"embeddable":true,"href":"https:\/\/www.capitalmarketgames.pl\/2016\/wp-json\/wp\/v2\/pages\/45"}],"wp:featuredmedia":[{"embeddable":true,"href":"https:\/\/www.capitalmarketgames.pl\/2016\/wp-json\/wp\/v2\/media\/226"}],"wp:attachment":[{"href":"https:\/\/www.capitalmarketgames.pl\/2016\/wp-json\/wp\/v2\/media?parent=113"}],"curies":[{"name":"wp","href":"https:\/\/api.w.org\/{rel}","templated":true}]}}