{"id":111,"date":"2014-05-24T14:44:46","date_gmt":"2014-05-24T12:44:46","guid":{"rendered":"http:\/\/www.capitalmarketgames.pl\/2016\/?page_id=111"},"modified":"2017-07-25T11:00:45","modified_gmt":"2017-07-25T09:00:45","slug":"lekkoatletyka","status":"publish","type":"page","link":"https:\/\/www.capitalmarketgames.pl\/2016\/dyscypliny\/lekkoatletyka\/","title":{"rendered":"Lekkoatletyka"},"content":{"rendered":"<p style=\"color: #040404;text-align: left\">Z racji liczby konkurencji, jakie ma w sobie &#8222;Kr\u00f3lowa Sportu&#8221; musieli\u015bmy wybra\u0107 dla Was jedynie kilka z nich. Na bazie do\u015bwiadcze\u0144 z poprzednich edycji\u00a0prezentujemy list\u0119 konkurencji, w ramach kt\u00f3rych b\u0119dziemy rywalizowali na lekkoatletycznym stadionie.<\/p>\n<p style=\"color: #040404\"><img loading=\"lazy\" decoding=\"async\" class=\"aligncenter size-full wp-image-722\" src=\"http:\/\/www.capitalmarketgames.pl\/wp-content\/uploads\/sites\/5\/2014\/05\/LA_CMG_biegi.jpg\" alt=\"LA_CMG_biegi\" width=\"960\" height=\"340\" srcset=\"https:\/\/www.capitalmarketgames.pl\/2016\/wp-content\/uploads\/sites\/5\/2014\/05\/LA_CMG_biegi.jpg 960w, https:\/\/www.capitalmarketgames.pl\/2016\/wp-content\/uploads\/sites\/5\/2014\/05\/LA_CMG_biegi-300x106.jpg 300w, https:\/\/www.capitalmarketgames.pl\/2016\/wp-content\/uploads\/sites\/5\/2014\/05\/LA_CMG_biegi-768x272.jpg 768w\" sizes=\"auto, (max-width: 960px) 100vw, 960px\" \/><\/p>\n<p style=\"color: #040404\"><strong>Biegi:<\/strong><\/p>\n<p style=\"color: #040404\">Biegi kr\u00f3tkie (sprinterskie):<\/p>\n<ul>\n<li><span style=\"color: #040404\">100 m (kobiety, m\u0119\u017cczy\u017ani)<\/span><\/li>\n<li>400 m\u00a0<span style=\"color: #040404\">(kobiety, m\u0119\u017cczy\u017ani)<\/span><\/li>\n<\/ul>\n<p>Biegi \u015brednie:<\/p>\n<ul>\n<li>1500 m\u00a0<span style=\"color: #040404\">(kobiety, m\u0119\u017cczy\u017ani)<\/span><\/li>\n<\/ul>\n<p>Biegi sztafetowe:<\/p>\n<ul>\n<li>4 x 100\u00a0<span style=\"color: #040404\">(kobiety, m\u0119\u017cczy\u017ani)<\/span><\/li>\n<\/ul>\n<p><strong>Rzuty:<\/strong><\/p>\n<ul>\n<li>pchni\u0119cie kul\u0105<\/li>\n<\/ul>\n<p><strong>Skoki:<\/strong><\/p>\n<ul>\n<li>Skok w dal<\/li>\n<\/ul>\n<p style=\"color: #040404\"><img loading=\"lazy\" decoding=\"async\" class=\"aligncenter size-full wp-image-633\" src=\"http:\/\/www.capitalmarketgames.pl\/wp-content\/uploads\/sites\/5\/2014\/05\/LA_CMG.jpg\" alt=\"LA_CMG\" width=\"960\" height=\"340\" srcset=\"https:\/\/www.capitalmarketgames.pl\/2016\/wp-content\/uploads\/sites\/5\/2014\/05\/LA_CMG.jpg 960w, https:\/\/www.capitalmarketgames.pl\/2016\/wp-content\/uploads\/sites\/5\/2014\/05\/LA_CMG-300x106.jpg 300w, https:\/\/www.capitalmarketgames.pl\/2016\/wp-content\/uploads\/sites\/5\/2014\/05\/LA_CMG-768x272.jpg 768w\" sizes=\"auto, (max-width: 960px) 100vw, 960px\" \/><\/p>\n","protected":false},"excerpt":{"rendered":"<p>Z racji liczby konkurencji, jakie ma w sobie &#8222;Kr\u00f3lowa Sportu&#8221; musieli\u015bmy wybra\u0107 dla Was jedynie kilka z nich. Na bazie do\u015bwiadcze\u0144 z poprzednich edycji\u00a0prezentujemy list\u0119 konkurencji, w ramach kt\u00f3rych b\u0119dziemy rywalizowali na lekkoatletycznym stadionie. Biegi: Biegi kr\u00f3tkie (sprinterskie): 100 m (kobiety, m\u0119\u017cczy\u017ani) 400 m\u00a0(kobiety, m\u0119\u017cczy\u017ani) Biegi \u015brednie: 1500 m\u00a0(kobiety, m\u0119\u017cczy\u017ani) Biegi sztafetowe: 4 x 100\u00a0(kobiety, [&hellip;]<\/p>\n","protected":false},"author":4,"featured_media":161,"parent":45,"menu_order":0,"comment_status":"closed","ping_status":"closed","template":"","meta":{"footnotes":""},"class_list":["post-111","page","type-page","status-publish","has-post-thumbnail","hentry"],"_links":{"self":[{"href":"https:\/\/www.capitalmarketgames.pl\/2016\/wp-json\/wp\/v2\/pages\/111","targetHints":{"allow":["GET"]}}],"collection":[{"href":"https:\/\/www.capitalmarketgames.pl\/2016\/wp-json\/wp\/v2\/pages"}],"about":[{"href":"https:\/\/www.capitalmarketgames.pl\/2016\/wp-json\/wp\/v2\/types\/page"}],"author":[{"embeddable":true,"href":"https:\/\/www.capitalmarketgames.pl\/2016\/wp-json\/wp\/v2\/users\/4"}],"replies":[{"embeddable":true,"href":"https:\/\/www.capitalmarketgames.pl\/2016\/wp-json\/wp\/v2\/comments?post=111"}],"version-history":[{"count":16,"href":"https:\/\/www.capitalmarketgames.pl\/2016\/wp-json\/wp\/v2\/pages\/111\/revisions"}],"predecessor-version":[{"id":2021,"href":"https:\/\/www.capitalmarketgames.pl\/2016\/wp-json\/wp\/v2\/pages\/111\/revisions\/2021"}],"up":[{"embeddable":true,"href":"https:\/\/www.capitalmarketgames.pl\/2016\/wp-json\/wp\/v2\/pages\/45"}],"wp:featuredmedia":[{"embeddable":true,"href":"https:\/\/www.capitalmarketgames.pl\/2016\/wp-json\/wp\/v2\/media\/161"}],"wp:attachment":[{"href":"https:\/\/www.capitalmarketgames.pl\/2016\/wp-json\/wp\/v2\/media?parent=111"}],"curies":[{"name":"wp","href":"https:\/\/api.w.org\/{rel}","templated":true}]}}