{"id":109,"date":"2014-05-24T14:44:27","date_gmt":"2014-05-24T12:44:27","guid":{"rendered":"http:\/\/www.capitalmarketgames.pl\/2016\/?page_id=109"},"modified":"2017-07-25T11:00:37","modified_gmt":"2017-07-25T09:00:37","slug":"kolarstwo-szosowe","status":"publish","type":"page","link":"https:\/\/www.capitalmarketgames.pl\/2016\/dyscypliny\/kolarstwo-szosowe\/","title":{"rendered":"Kolarstwo szosowe"},"content":{"rendered":"<p style=\"color: #040404\">W najstarszej i najbardziej popularnej odmianie kolarstwa b\u0119dziemy rywalizowa\u0107 w sobotni poranek. Amatorsko kolarstwo szosowe na ca\u0142ym \u015awiecie uprawia oko\u0142o miliona ludzi. Liczymy, \u017ce r\u00f3wnie\u017c \u00a0na rynku kapita\u0142owym znajd\u0105 si\u0119 zwolennicy tej dyscypliny. Zach\u0119camy do zapis\u00f3w!<\/p>\n<p style=\"color: #040404\"><strong>Konkurencja:<\/strong> Jazda indywidualna na czas\/ <strong>UPHIIL<\/strong><\/p>\n<p style=\"color: #040404\"><strong>Kategoria:<\/strong> Open (oddzielna klasyfikacja dla kobiet i m\u0119\u017cczyzn)<\/p>\n<p style=\"color: #040404\"><img loading=\"lazy\" decoding=\"async\" class=\"aligncenter size-full wp-image-648\" src=\"http:\/\/www.capitalmarketgames.pl\/wp-content\/uploads\/sites\/5\/2014\/05\/szosa_CMG.jpg\" alt=\"szosa_CMG\" width=\"960\" height=\"340\" srcset=\"https:\/\/www.capitalmarketgames.pl\/2016\/wp-content\/uploads\/sites\/5\/2014\/05\/szosa_CMG.jpg 960w, https:\/\/www.capitalmarketgames.pl\/2016\/wp-content\/uploads\/sites\/5\/2014\/05\/szosa_CMG-300x106.jpg 300w, https:\/\/www.capitalmarketgames.pl\/2016\/wp-content\/uploads\/sites\/5\/2014\/05\/szosa_CMG-768x272.jpg 768w\" sizes=\"auto, (max-width: 960px) 100vw, 960px\" \/><\/p>\n<p><strong>Dane liczbowe:<\/strong><\/p>\n<p>D\u0142ugo\u015b\u0107 trasy \u2013 ok. 11 km<\/p>\n<p>Punkt pocz\u0105tkowy &#8211;\u00a0 Chocho\u0142\u00f3w 750 m<\/p>\n<p>R\u00f3\u017cnica wzniesie\u0144 \u2013 ok. 380 m<\/p>\n<p>Najbardziej stromy kilometr \u2013 ok. 7,7%<\/p>\n<p style=\"color: #040404;text-align: left\">Maksymalne nachylenie na 100 m \u2013 ok. 14%<\/p>\n<p><strong>Opis trasy:<\/strong><\/p>\n<p>Po pocz\u0105tkowym p\u0142askim podje\u017adzie uczestnik\u00f3w czeka moment, w kt\u00f3rym b\u0119d\u0105 musieli \u201estan\u0105\u0107 na peda\u0142ach\u201d. Dla niekt\u00f3rych kolarzy profil mo\u017ce wygl\u0105da\u0107 niepozornie, jednak\u017ce w g\u00f3rnej cz\u0119\u015bci przed met\u0105 zauwa\u017calny jest podjazd o nachyleniu 14%. Nast\u0119pnie szybki jazd przed finiszem. Trasa prowadzi z Chocho\u0142owa przez Dzianisz z met\u0105 przed Guba\u0142\u00f3wk\u0105\/Butorowym Wierchem. Trasa wiedzie przez malownicze widoki na Tatry Wysokie. Nie zabraknie r\u00f3wnie\u017c widoku na Giewont.<\/p>\n<p style=\"color: #040404;text-align: left\"><strong>Profil podjazdu:<\/strong><\/p>\n<p>&nbsp;<\/p>\n<table>\n<tbody>\n<tr>\n<td><\/td>\n<\/tr>\n<\/tbody>\n<\/table>\n<p>&nbsp;<\/p>\n<p>&nbsp;<\/p>\n<p style=\"color: #040404;text-align: left\"><img loading=\"lazy\" decoding=\"async\" class=\"size-full wp-image-1246 aligncenter\" src=\"http:\/\/www.capitalmarketgames.pl\/wp-content\/uploads\/sites\/5\/2014\/05\/Trasa_szosa-CMG.jpg\" alt=\"Trasa_szosa CMG\" width=\"600\" height=\"550\" srcset=\"https:\/\/www.capitalmarketgames.pl\/2016\/wp-content\/uploads\/sites\/5\/2014\/05\/Trasa_szosa-CMG.jpg 600w, https:\/\/www.capitalmarketgames.pl\/2016\/wp-content\/uploads\/sites\/5\/2014\/05\/Trasa_szosa-CMG-300x275.jpg 300w\" sizes=\"auto, (max-width: 600px) 100vw, 600px\" \/><\/p>\n<p>&nbsp;<\/p>\n<p>&nbsp;<\/p>\n","protected":false},"excerpt":{"rendered":"<p>W najstarszej i najbardziej popularnej odmianie kolarstwa b\u0119dziemy rywalizowa\u0107 w sobotni poranek. Amatorsko kolarstwo szosowe na ca\u0142ym \u015awiecie uprawia oko\u0142o miliona ludzi. Liczymy, \u017ce r\u00f3wnie\u017c \u00a0na rynku kapita\u0142owym znajd\u0105 si\u0119 zwolennicy tej dyscypliny. Zach\u0119camy do zapis\u00f3w! Konkurencja: Jazda indywidualna na czas\/ UPHIIL Kategoria: Open (oddzielna klasyfikacja dla kobiet i m\u0119\u017cczyzn) Dane liczbowe: D\u0142ugo\u015b\u0107 trasy \u2013 [&hellip;]<\/p>\n","protected":false},"author":4,"featured_media":227,"parent":45,"menu_order":0,"comment_status":"closed","ping_status":"closed","template":"","meta":{"footnotes":""},"class_list":["post-109","page","type-page","status-publish","has-post-thumbnail","hentry"],"_links":{"self":[{"href":"https:\/\/www.capitalmarketgames.pl\/2016\/wp-json\/wp\/v2\/pages\/109","targetHints":{"allow":["GET"]}}],"collection":[{"href":"https:\/\/www.capitalmarketgames.pl\/2016\/wp-json\/wp\/v2\/pages"}],"about":[{"href":"https:\/\/www.capitalmarketgames.pl\/2016\/wp-json\/wp\/v2\/types\/page"}],"author":[{"embeddable":true,"href":"https:\/\/www.capitalmarketgames.pl\/2016\/wp-json\/wp\/v2\/users\/4"}],"replies":[{"embeddable":true,"href":"https:\/\/www.capitalmarketgames.pl\/2016\/wp-json\/wp\/v2\/comments?post=109"}],"version-history":[{"count":24,"href":"https:\/\/www.capitalmarketgames.pl\/2016\/wp-json\/wp\/v2\/pages\/109\/revisions"}],"predecessor-version":[{"id":2142,"href":"https:\/\/www.capitalmarketgames.pl\/2016\/wp-json\/wp\/v2\/pages\/109\/revisions\/2142"}],"up":[{"embeddable":true,"href":"https:\/\/www.capitalmarketgames.pl\/2016\/wp-json\/wp\/v2\/pages\/45"}],"wp:featuredmedia":[{"embeddable":true,"href":"https:\/\/www.capitalmarketgames.pl\/2016\/wp-json\/wp\/v2\/media\/227"}],"wp:attachment":[{"href":"https:\/\/www.capitalmarketgames.pl\/2016\/wp-json\/wp\/v2\/media?parent=109"}],"curies":[{"name":"wp","href":"https:\/\/api.w.org\/{rel}","templated":true}]}}