{"id":105,"date":"2014-05-24T14:43:39","date_gmt":"2014-05-24T12:43:39","guid":{"rendered":"http:\/\/www.capitalmarketgames.pl\/2016\/?page_id=105"},"modified":"2017-07-25T11:00:34","modified_gmt":"2017-07-25T09:00:34","slug":"cross-country","status":"publish","type":"page","link":"https:\/\/www.capitalmarketgames.pl\/2016\/dyscypliny\/cross-country\/","title":{"rendered":"Cross-Country"},"content":{"rendered":"<p style=\"color: #040404;text-align: left\"><strong>Trasa biegu rozpoczyna i ko\u0144czy si\u0119 na stadionie lekkoatletycznym COS Zakopane. P\u0119tla o d\u0142ugo\u015bci 2,5 km \u00a0prowadzi wok\u00f3\u0142 obiekt\u00f3w COS.<\/strong><\/p>\n<p style=\"color: #040404\"><strong>Specyfikacja nawierzchni:<\/strong> 5% tartan, 5% asfalt, 90% \u015bcie\u017cka le\u015bna.<\/p>\n<p style=\"color: #040404\"><strong>Termin:\u00a0<\/strong>pi\u0105tek,\u00a0 23 wrze\u015bnia<\/p>\n<p style=\"color: #040404\"><strong>Kategoria:<\/strong> Bieg open, klasyfikacja medalowa &#8211; osobna dla kobiet i m\u0119\u017cczyzn<\/p>\n<p style=\"color: #040404\"><strong>Dystans: <\/strong>ok. 8,4 km<\/p>\n<p style=\"color: #040404\"><img loading=\"lazy\" decoding=\"async\" class=\"alignnone size-full wp-image-176\" src=\"http:\/\/www.capitalmarketgames.pl\/wp-content\/uploads\/sites\/5\/2014\/05\/cross-country.jpg\" alt=\"cross-country\" width=\"960\" height=\"340\" srcset=\"https:\/\/www.capitalmarketgames.pl\/2016\/wp-content\/uploads\/sites\/5\/2014\/05\/cross-country.jpg 960w, https:\/\/www.capitalmarketgames.pl\/2016\/wp-content\/uploads\/sites\/5\/2014\/05\/cross-country-300x106.jpg 300w, https:\/\/www.capitalmarketgames.pl\/2016\/wp-content\/uploads\/sites\/5\/2014\/05\/cross-country-768x272.jpg 768w\" sizes=\"auto, (max-width: 960px) 100vw, 960px\" \/><\/p>\n<p style=\"color: #040404\">\n","protected":false},"excerpt":{"rendered":"<p>Trasa biegu rozpoczyna i ko\u0144czy si\u0119 na stadionie lekkoatletycznym COS Zakopane. P\u0119tla o d\u0142ugo\u015bci 2,5 km \u00a0prowadzi wok\u00f3\u0142 obiekt\u00f3w COS. Specyfikacja nawierzchni: 5% tartan, 5% asfalt, 90% \u015bcie\u017cka le\u015bna. Termin:\u00a0pi\u0105tek,\u00a0 23 wrze\u015bnia Kategoria: Bieg open, klasyfikacja medalowa &#8211; osobna dla kobiet i m\u0119\u017cczyzn Dystans: ok. 8,4 km<\/p>\n","protected":false},"author":4,"featured_media":206,"parent":45,"menu_order":0,"comment_status":"closed","ping_status":"closed","template":"","meta":{"footnotes":""},"class_list":["post-105","page","type-page","status-publish","has-post-thumbnail","hentry"],"_links":{"self":[{"href":"https:\/\/www.capitalmarketgames.pl\/2016\/wp-json\/wp\/v2\/pages\/105","targetHints":{"allow":["GET"]}}],"collection":[{"href":"https:\/\/www.capitalmarketgames.pl\/2016\/wp-json\/wp\/v2\/pages"}],"about":[{"href":"https:\/\/www.capitalmarketgames.pl\/2016\/wp-json\/wp\/v2\/types\/page"}],"author":[{"embeddable":true,"href":"https:\/\/www.capitalmarketgames.pl\/2016\/wp-json\/wp\/v2\/users\/4"}],"replies":[{"embeddable":true,"href":"https:\/\/www.capitalmarketgames.pl\/2016\/wp-json\/wp\/v2\/comments?post=105"}],"version-history":[{"count":14,"href":"https:\/\/www.capitalmarketgames.pl\/2016\/wp-json\/wp\/v2\/pages\/105\/revisions"}],"predecessor-version":[{"id":2140,"href":"https:\/\/www.capitalmarketgames.pl\/2016\/wp-json\/wp\/v2\/pages\/105\/revisions\/2140"}],"up":[{"embeddable":true,"href":"https:\/\/www.capitalmarketgames.pl\/2016\/wp-json\/wp\/v2\/pages\/45"}],"wp:featuredmedia":[{"embeddable":true,"href":"https:\/\/www.capitalmarketgames.pl\/2016\/wp-json\/wp\/v2\/media\/206"}],"wp:attachment":[{"href":"https:\/\/www.capitalmarketgames.pl\/2016\/wp-json\/wp\/v2\/media?parent=105"}],"curies":[{"name":"wp","href":"https:\/\/api.w.org\/{rel}","templated":true}]}}