{"id":103,"date":"2014-05-24T14:43:28","date_gmt":"2014-05-24T12:43:28","guid":{"rendered":"http:\/\/www.capitalmarketgames.pl\/2016\/?page_id=103"},"modified":"2017-07-25T11:01:02","modified_gmt":"2017-07-25T09:01:02","slug":"siatkowka","status":"publish","type":"page","link":"https:\/\/www.capitalmarketgames.pl\/2016\/dyscypliny\/siatkowka\/","title":{"rendered":"Siatk\u00f3wka"},"content":{"rendered":"<p style=\"color: #040404;\">Podczas III edycji Capital Market Games rozgrywane b\u0119d\u0105 zawody w pi\u0142ce siatkowej <strong>halowej<\/strong> oraz <strong>pla\u017cowej<\/strong>.<\/p>\n<p style=\"color: #040404;\"><strong>Miejsce:<\/strong> siatk\u00f3wka halowa &#8211; hala COS Zakopane, siatk\u00f3wka pla\u017cowa &#8211; Mercure Kasprowy<\/p>\n<p style=\"color: #040404;\"><strong>Liczba\u00a0dru\u017cyn:<\/strong> siatk\u00f3wka halowa &#8211; min. 4, siatk\u00f3wka pla\u017cowa &#8211; \u00a0min. 8.<\/p>\n<p style=\"color: #040404;\"><strong>Zasady:<\/strong> FIVB przystosowane do Capital Market Games.<\/p>\n<p style=\"color: #040404;\">Turnieje nie b\u0119d\u0105 pokrywa\u0142y si\u0119 w czasie, z tego wzgl\u0119du zawodnicy bior\u0105cy udzia\u0142 w turnieju halowym, mog\u0105 zapisa\u0107 si\u0119 na turniej &#8222;pla\u017c\u00f3wki&#8221;.<\/p>\n<p style=\"color: #040404;\"><img loading=\"lazy\" decoding=\"async\" class=\"aligncenter size-full wp-image-631\" src=\"http:\/\/www.capitalmarketgames.pl\/wp-content\/uploads\/sites\/5\/2014\/05\/siatk\u00f3wka_CMG.jpg\" alt=\"siatk\u00f3wka_CMG\" width=\"960\" height=\"340\" srcset=\"https:\/\/www.capitalmarketgames.pl\/2016\/wp-content\/uploads\/sites\/5\/2014\/05\/siatk\u00f3wka_CMG.jpg 960w, https:\/\/www.capitalmarketgames.pl\/2016\/wp-content\/uploads\/sites\/5\/2014\/05\/siatk\u00f3wka_CMG-300x106.jpg 300w, https:\/\/www.capitalmarketgames.pl\/2016\/wp-content\/uploads\/sites\/5\/2014\/05\/siatk\u00f3wka_CMG-768x272.jpg 768w\" sizes=\"auto, (max-width: 960px) 100vw, 960px\" \/><\/p>\n","protected":false},"excerpt":{"rendered":"<p>Podczas III edycji Capital Market Games rozgrywane b\u0119d\u0105 zawody w pi\u0142ce siatkowej halowej oraz pla\u017cowej. Miejsce: siatk\u00f3wka halowa &#8211; hala COS Zakopane, siatk\u00f3wka pla\u017cowa &#8211; Mercure Kasprowy Liczba\u00a0dru\u017cyn: siatk\u00f3wka halowa &#8211; min. 4, siatk\u00f3wka pla\u017cowa &#8211; \u00a0min. 8. Zasady: FIVB przystosowane do Capital Market Games. Turnieje nie b\u0119d\u0105 pokrywa\u0142y si\u0119 w czasie, z tego wzgl\u0119du [&hellip;]<\/p>\n","protected":false},"author":4,"featured_media":164,"parent":45,"menu_order":0,"comment_status":"closed","ping_status":"closed","template":"","meta":{"footnotes":""},"class_list":["post-103","page","type-page","status-publish","has-post-thumbnail","hentry"],"_links":{"self":[{"href":"https:\/\/www.capitalmarketgames.pl\/2016\/wp-json\/wp\/v2\/pages\/103","targetHints":{"allow":["GET"]}}],"collection":[{"href":"https:\/\/www.capitalmarketgames.pl\/2016\/wp-json\/wp\/v2\/pages"}],"about":[{"href":"https:\/\/www.capitalmarketgames.pl\/2016\/wp-json\/wp\/v2\/types\/page"}],"author":[{"embeddable":true,"href":"https:\/\/www.capitalmarketgames.pl\/2016\/wp-json\/wp\/v2\/users\/4"}],"replies":[{"embeddable":true,"href":"https:\/\/www.capitalmarketgames.pl\/2016\/wp-json\/wp\/v2\/comments?post=103"}],"version-history":[{"count":6,"href":"https:\/\/www.capitalmarketgames.pl\/2016\/wp-json\/wp\/v2\/pages\/103\/revisions"}],"predecessor-version":[{"id":1379,"href":"https:\/\/www.capitalmarketgames.pl\/2016\/wp-json\/wp\/v2\/pages\/103\/revisions\/1379"}],"up":[{"embeddable":true,"href":"https:\/\/www.capitalmarketgames.pl\/2016\/wp-json\/wp\/v2\/pages\/45"}],"wp:featuredmedia":[{"embeddable":true,"href":"https:\/\/www.capitalmarketgames.pl\/2016\/wp-json\/wp\/v2\/media\/164"}],"wp:attachment":[{"href":"https:\/\/www.capitalmarketgames.pl\/2016\/wp-json\/wp\/v2\/media?parent=103"}],"curies":[{"name":"wp","href":"https:\/\/api.w.org\/{rel}","templated":true}]}}