{"id":101,"date":"2014-05-24T14:43:05","date_gmt":"2014-05-24T12:43:05","guid":{"rendered":"http:\/\/www.capitalmarketgames.pl\/2016\/?page_id=101"},"modified":"2017-07-25T11:01:27","modified_gmt":"2017-07-25T09:01:27","slug":"organizatorzy","status":"publish","type":"page","link":"https:\/\/www.capitalmarketgames.pl\/2016\/igrzyska\/organizatorzy\/","title":{"rendered":"Organizatorzy"},"content":{"rendered":"<p style=\"color: #000000; text-align: center;\"><a href=\"http:\/\/sii.org.pl\" target=\"_blank\"><img loading=\"lazy\" decoding=\"async\" class=\"size-medium wp-image-589 aligncenter\" src=\"http:\/\/www.capitalmarketgames.pl\/wp-content\/uploads\/sites\/5\/2014\/05\/logo_SII-300x124.png\" alt=\"logo_SII\" width=\"300\" height=\"124\" \/><\/a><\/p>\n<p style=\"color: #000000; text-align: center;\"><strong><br \/>\nNajwi\u0119ksza Organizacja Inwestorska w Polsce<\/strong><\/p>\n<p style=\"color: #000000; text-align: center;\"><iframe loading=\"lazy\" src=\"http:\/\/www.youtube.com\/embed\/vwnXitGkQpc?rel=0&amp;hd=1\" width=\"560\" height=\"349\" frameborder=\"0\"><\/iframe><\/p>\n<p style=\"color: #000000;\">Stowarzyszenie Inwestor\u00f3w Indywidualnych\u00a0(SII) jest najwi\u0119ksz\u0105 organizacj\u0105 zrzeszaj\u0105c\u0105 inwestor\u00f3w gie\u0142dowych w\u00a0Polsce, kt\u00f3ra dzia\u0142a od 1999 roku i\u00a0nale\u017cy do europejskich organizacji inwestorskich Euroshareholders i\u00a0Euroinvestors oraz \u015awiatowej Federacji Inwestor\u00f3w WFIC.<\/p>\n<p style=\"color: #000000;\">Dzia\u0142alno\u015b\u0107 Stowarzyszenia koncentruje si\u0119 na wszechstronnym wsparciu inwestor\u00f3w i\u00a0opiera si\u0119 na trzech g\u0142\u00f3wnych filarach:<\/p>\n<ul style=\"color: #000000;\">\n<li><a style=\"color: #a2782a;\" title=\"Edukacja\" href=\"http:\/\/www.sii.org.pl\/14\/edukacja-i-analizy.html#ak14\" target=\"_blank\">Edukacja i\u00a0analizy<\/a>: konferencje i\u00a0szkolenia (w tym najwi\u0119ksze w\u00a0kraju WallStreet i Profesjonalny Inwestor), wydawnictwa (np. kwartalnik Akcjonariusz, Biuletyn NewConnect), analizy gie\u0142dowe (m.in. Portfel SII, ATrakcyjne Sp\u00f3\u0142ki, Raporty IPO, Indeks Nastroj\u00f3w Inwestor\u00f3w);<\/li>\n<\/ul>\n<ul style=\"color: #000000;\">\n<li><a style=\"color: #a2782a;\" title=\"Ochrona praw\" href=\"http:\/\/www.sii.org.pl\/5\/ochrona-praw.html#ak5\" target=\"_blank\">Ochrona praw<\/a>: ochrona praw inwestor\u00f3w, bie\u017c\u0105ce interwencje, wsparcie prawne, uczestnictwo w\u00a0walnych zgromadzeniach sp\u00f3\u0142ek publicznych, dzia\u0142alno\u015b\u0107 opiniotw\u00f3rcza i\u00a0wp\u0142ywanie na proces ustawodawczy;<\/li>\n<\/ul>\n<ul style=\"color: #000000;\">\n<li><a style=\"color: #a2782a;\" title=\"Zni\u017cki\" href=\"http:\/\/www.sii.org.pl\/17\/znizki.html#ak17\" target=\"_blank\">Zni\u017cki<\/a>: oferowane przez partner\u00f3w Stowarzyszenia cz\u0142onkom SII (na:\u00a0prowizje gie\u0142dowe, wydawnictwa, szkolenia itp.).<\/li>\n<\/ul>\n<p style=\"color: #000000;\">Stowarzyszenie zrzesza obecnie ponad 10\u00a0500 cz\u0142onk\u00f3w, liczba ta ci\u0105gle ro\u015bnie z\u00a0racji nieprzerwanego zapotrzebowania inwestor\u00f3w na wszechstronne wsparcie w\u00a0funkcjonowaniu na rynku kapita\u0142owym.<\/p>\n<p style=\"color: #000000;\" align=\"center\"><strong>SII &#8211; Wspieramy Inwestor\u00f3w!<\/strong><\/p>\n<p style=\"color: #000000;\">Je\u015bli chcesz zapewni\u0107 sobie edukacj\u0119 na najwy\u017cszym poziomie, je\u015bli chcesz uzyska\u0107 pomoc prawn\u0105 i analityczn\u0105, je\u015bli chcesz aby\u015bmy bronili Twoich praw, a przy okazji chcia\u0142by\u015b skorzysta\u0107 z bardzo atrakcyjnych zni\u017cek na liczne us\u0142ugi i produkty gie\u0142dowe, to&#8230;<\/p>\n<p style=\"color: #000000;\" align=\"center\"><a style=\"color: #a2782a;\" href=\"http:\/\/www.sii.org.pl\/95\/zostan-czlonkiem\/jak-przystapic-do-sii.html#ak95\" target=\"_blank\">&#8230; PRZY\u0141\u0104CZ SI\u0118 DO NAS! INWESTUJ W SIEBIE &#8211; ZOSTA\u0143 CZ\u0141ONKIEM SII!<\/a><\/p>\n","protected":false},"excerpt":{"rendered":"<p>Najwi\u0119ksza Organizacja Inwestorska w Polsce Stowarzyszenie Inwestor\u00f3w Indywidualnych\u00a0(SII) jest najwi\u0119ksz\u0105 organizacj\u0105 zrzeszaj\u0105c\u0105 inwestor\u00f3w gie\u0142dowych w\u00a0Polsce, kt\u00f3ra dzia\u0142a od 1999 roku i\u00a0nale\u017cy do europejskich organizacji inwestorskich Euroshareholders i\u00a0Euroinvestors oraz \u015awiatowej Federacji Inwestor\u00f3w WFIC. Dzia\u0142alno\u015b\u0107 Stowarzyszenia koncentruje si\u0119 na wszechstronnym wsparciu inwestor\u00f3w i\u00a0opiera si\u0119 na trzech g\u0142\u00f3wnych filarach: Edukacja i\u00a0analizy: konferencje i\u00a0szkolenia (w tym najwi\u0119ksze w\u00a0kraju WallStreet [&hellip;]<\/p>\n","protected":false},"author":4,"featured_media":0,"parent":64,"menu_order":0,"comment_status":"closed","ping_status":"closed","template":"","meta":{"footnotes":""},"class_list":["post-101","page","type-page","status-publish","hentry"],"_links":{"self":[{"href":"https:\/\/www.capitalmarketgames.pl\/2016\/wp-json\/wp\/v2\/pages\/101","targetHints":{"allow":["GET"]}}],"collection":[{"href":"https:\/\/www.capitalmarketgames.pl\/2016\/wp-json\/wp\/v2\/pages"}],"about":[{"href":"https:\/\/www.capitalmarketgames.pl\/2016\/wp-json\/wp\/v2\/types\/page"}],"author":[{"embeddable":true,"href":"https:\/\/www.capitalmarketgames.pl\/2016\/wp-json\/wp\/v2\/users\/4"}],"replies":[{"embeddable":true,"href":"https:\/\/www.capitalmarketgames.pl\/2016\/wp-json\/wp\/v2\/comments?post=101"}],"version-history":[{"count":13,"href":"https:\/\/www.capitalmarketgames.pl\/2016\/wp-json\/wp\/v2\/pages\/101\/revisions"}],"predecessor-version":[{"id":1976,"href":"https:\/\/www.capitalmarketgames.pl\/2016\/wp-json\/wp\/v2\/pages\/101\/revisions\/1976"}],"up":[{"embeddable":true,"href":"https:\/\/www.capitalmarketgames.pl\/2016\/wp-json\/wp\/v2\/pages\/64"}],"wp:attachment":[{"href":"https:\/\/www.capitalmarketgames.pl\/2016\/wp-json\/wp\/v2\/media?parent=101"}],"curies":[{"name":"wp","href":"https:\/\/api.w.org\/{rel}","templated":true}]}}